{"id":4229,"date":"2024-04-01T11:09:31","date_gmt":"2024-04-01T11:09:31","guid":{"rendered":"https:\/\/www.doit.hu\/rendszergazda\/?page_id=4229"},"modified":"2025-08-11T11:01:33","modified_gmt":"2025-08-11T11:01:33","slug":"adatkezelesi-nyilatkozat","status":"publish","type":"page","link":"https:\/\/www.doit.hu\/rendszergazda\/adatkezelesi-nyilatkozat\/","title":{"rendered":"Adatkezel\u00e9si t\u00e1j\u00e9koztat\u00f3"},"content":{"rendered":"<div class=\"av-special-heading av-mdpnd630-4a4cefd087f80e3be03b6f5c44ead6d3 av-special-heading-h2 blockquote modern-quote modern-centered avia-builder-el-1 el_before_av_heading avia-builder-el-first \">\n<h2 class=\"av-special-heading-tag \" style=\"text-align: center;\">Adatkezel\u00e9si nyilatkozat \u00e9s hozz\u00e1j\u00e1rul\u00e1s<\/h2>\n<p>&nbsp;<\/p>\n<\/div>\n<div class=\"av-special-heading av-mdpnku4d-4a5cf02fef7782dfe6a060fc36e0bba6 av-special-heading-h3 blockquote modern-quote avia-builder-el-2 el_after_av_heading el_before_av_textblock \">\n<h3 class=\"av-special-heading-tag \">Kedves \u00c9rdekl\u0151d\u0151!<\/h3>\n<\/div>\n<section class=\"av_textblock_section av-mdpnla9h-870ba44147f6b2fddedfb17d8548d856 \">\n<div class=\"avia_textblock\">\n<p>Fontos sz\u00e1munkra, hogy amikor felveszi a kapcsolatot a\u00a0DOCCA Zrt.-vel, tudja, mi t\u00f6rt\u00e9nik az \u00d6n \u00e1ltal megadott adatokkal. Ez a t\u00e1j\u00e9koztat\u00f3 arr\u00f3l sz\u00f3l, hogyan kezelj\u00fck ezeket az adatokat, \u00e9s mire haszn\u00e1ljuk \u0151ket.<\/p>\n<\/div>\n<\/section>\n<div class=\"av-special-heading av-mdpnm08g-369b739bdbc673ad3eebd61b4acb5b3c av-special-heading-h3 blockquote modern-quote avia-builder-el-4 el_after_av_textblock el_before_av_textblock \">\n<h3 class=\"av-special-heading-tag \">Ki kezeli az adatait?<\/h3>\n<\/div>\n<section class=\"av_textblock_section av-mdpnmg9y-92d0e3eec5c197d2293440d48ce06430 \">\n<div class=\"avia_textblock\">\n<p>Az \u00d6n adatait a DOCCA Zrt. kezeli. C\u00edm\u00fcnk: 1123 Budapest, Gy\u0151ri \u00fat 2\/C, 2. emelet 6. \u00dcgyvezet\u0151nk:\u00a0T\u00f6r\u00f6k \u00c1kos Zolt\u00e1n Ha b\u00e1rmi k\u00e9rd\u00e9se van az adatkezel\u00e9ssel kapcsolatban, \u00edrjon nek\u00fcnk e-mailt, vagy h\u00edvjon minket! Az el\u00e9rhet\u0151s\u00e9geinket lentebb megtal\u00e1lja.<\/p>\n<\/div>\n<\/section>\n<div class=\"av-special-heading av-mdpnn13k-7b9131a6f4c22f5314a18fd0bdbfe418 av-special-heading-h3 blockquote modern-quote avia-builder-el-6 el_after_av_textblock el_before_av_textblock \">\n<h3 class=\"av-special-heading-tag \">Mit csin\u00e1lunk az adataival?<\/h3>\n<\/div>\n<section class=\"av_textblock_section av-mdpnneg4-17957e2d26fd5179946ef19428cd5ec4 \">\n<div class=\"avia_textblock\">\n<p>Az \u00d6n adatait bizalmasan kezelj\u00fck, \u00e9s mindig betartjuk a vonatkoz\u00f3 adatv\u00e9delmi t\u00f6rv\u00e9nyeket. C\u00e9lunk, hogy biztos\u00edtsuk az \u00d6n adatainak v\u00e9delm\u00e9t, jogszer\u0171s\u00e9g\u00e9t \u00e9s titkoss\u00e1g\u00e1t.<\/p>\n<\/div>\n<\/section>\n<div class=\"av-special-heading av-mdpnobci-1fd7a8fe2f68f4c898752ad1653c1bcd av-special-heading-h3 blockquote modern-quote avia-builder-el-8 el_after_av_textblock el_before_av_textblock \">\n<h3 class=\"av-special-heading-tag \">Milyen adatokat gy\u0171jt\u00fcnk \u00d6nt\u0151l?<\/h3>\n<\/div>\n<section class=\"av_textblock_section av-mdpnosvb-b33b266271603bb864a3fa535ba0fb24 \">\n<div class=\"avia_textblock\">\n<p>A kapcsolatfelv\u00e9tel sor\u00e1n az al\u00e1bbi adatokat k\u00e9rj\u00fck \u00e9s kezelj\u00fck:<\/p>\n<ul>\n<li aria-level=\"1\">Kapcsolattart\u00e1si adatok: n\u00e9v, e-mail c\u00edm, telefonsz\u00e1m.<\/li>\n<li aria-level=\"1\">Egy\u00e9b inform\u00e1ci\u00f3k: Minden m\u00e1s adat, amit \u00d6n ad meg nek\u00fcnk az aj\u00e1nlatk\u00e9r\u00e9s sor\u00e1n.<\/li>\n<\/ul>\n<p>Az adatokat mindig \u00d6nt\u0151l kapjuk.<\/p>\n<\/div>\n<\/section>\n<div class=\"av-special-heading av-mdpnph5z-b7be34a59b06b208ea0fd0336e46fcea av-special-heading-h3 blockquote modern-quote avia-builder-el-10 el_after_av_textblock el_before_av_textblock \">\n<h3 class=\"av-special-heading-tag \">Mire haszn\u00e1ljuk az adatait, \u00e9s mi\u00e9rt tehetj\u00fck meg?<\/h3>\n<\/div>\n<section class=\"av_textblock_section av-mdpnq44d-6299377b3025751510de120f13fcf8e0 \">\n<div class=\"avia_textblock\">\n<p>Az adatait az al\u00e1bbiakra haszn\u00e1ljuk:<\/p>\n<ul>\n<li aria-level=\"1\">Kapcsolattart\u00e1s \u00d6nnel: Hogy tudjunk \u00d6nnel kommunik\u00e1lni az aj\u00e1nlatk\u00e9r\u00e9ssel kapcsolatban (szint\u00e9n a lehets\u00e9ges szerz\u0151d\u00e9sk\u00f6t\u00e9s el\u0151k\u00e9sz\u00edt\u00e9se vagy jogos \u00e9rdek\u00fcnk).<\/li>\n<li aria-level=\"1\">Jogi \u00fcgyek kezel\u00e9se: Jogi ig\u00e9nyek \u00e9rv\u00e9nyes\u00edt\u00e9se vagy v\u00e9delme, ha sz\u00fcks\u00e9ges (jogos \u00e9rdek\u00fcnk)<\/li>\n<\/ul>\n<\/div>\n<\/section>\n<div class=\"av-special-heading av-mdpnqmnl-ec07b39af11d74b835218195f20652c9 av-special-heading-h3 blockquote modern-quote avia-builder-el-12 el_after_av_textblock el_before_av_textblock \">\n<h3 class=\"av-special-heading-tag \">Kik l\u00e1tj\u00e1k az adatait?<\/h3>\n<\/div>\n<section class=\"av_textblock_section av-mdpnr1c7-39f3a8b73dad7cda99b17c2e935c4df2 \">\n<div class=\"avia_textblock\">\n<p>Az adatait csak bizonyos k\u00fcls\u0151 c\u00e9gek (adatfeldolgoz\u00f3k) l\u00e1thatj\u00e1k, akik seg\u00edtenek nek\u00fcnk az adatkezel\u00e9sben (pl. IT-szolg\u00e1ltat\u00f3k).<\/p>\n<p>Az adatait csak akkor adjuk \u00e1t m\u00e1s, harmadik f\u00e9lnek, ha \u00d6n ehhez kifejezetten hozz\u00e1j\u00e1rul, vagy ha a t\u00f6rv\u00e9ny el\u0151\u00edrja. Fontos tudni, hogy a Google \u00e9s Microsoft szolg\u00e1ltat\u00e1sok haszn\u00e1lata miatt az adatai az Eur\u00f3pai Gazdas\u00e1gi T\u00e9rs\u00e9gen (EGT) k\u00edv\u00fclre (jellemz\u0151en az USA-ba) is ker\u00fclhetnek. Az adat\u00e1tvitel biztons\u00e1g\u00e1r\u00f3l speci\u00e1lis szerz\u0151d\u00e9sek (\u00e1ltal\u00e1nos szerz\u0151d\u00e9si felt\u00e9telek) gondoskodnak.<\/p>\n<\/div>\n<\/section>\n<div class=\"av-special-heading av-mdpnrl9b-d2e263bace21fd1ba73994c69edeaa6f av-special-heading-h3 blockquote modern-quote avia-builder-el-14 el_after_av_textblock el_before_av_textblock \">\n<h3 class=\"av-special-heading-tag \">Meddig \u0151rizz\u00fck az adatait?<\/h3>\n<\/div>\n<section class=\"av_textblock_section av-mdpnrw9z-d85372162ed8f53f4099ea904057d861 \">\n<div class=\"avia_textblock\">\n<ul>\n<li aria-level=\"1\">Az \u00d6n adatait kapcsolatfelv\u00e9telt k\u00f6vet\u0151en \u2013 amennyiben nem j\u00f6n l\u00e9tre szerz\u0151d\u00e9s vagy egy\u00fcttm\u0171k\u00f6d\u00e9s \u2013 legfeljebb 1 \u00e9vig t\u00e1roljuk, vagy addig, am\u00edg \u00d6n hozz\u00e1j\u00e1rul\u00e1s\u00e1t vissza nem vonja. Ezt k\u00f6vet\u0151en az adatokat t\u00f6r\u00f6lj\u00fck.<\/li>\n<li aria-level=\"1\">Amennyiben a kapcsolat alapj\u00e1n szerz\u0151d\u00e9s vagy egy\u00fcttm\u0171k\u00f6d\u00e9s j\u00f6n l\u00e9tre, az adatokat a szerz\u0151d\u00e9sre vonatkoz\u00f3 jogszab\u00e1lyi el\u0151\u00edr\u00e1sok szerint kezelj\u00fck \u00e9s t\u00e1roljuk. Ebben az esetben az adatkezel\u00e9sr\u0151l k\u00fcl\u00f6n t\u00e1j\u00e9koztat\u00e1st adunk<\/li>\n<\/ul>\n<\/div>\n<\/section>\n<div class=\"av-special-heading av-mdpnsd3k-051792a975139c3d48480ea6f5faf99c av-special-heading-h3 blockquote modern-quote avia-builder-el-16 el_after_av_textblock el_before_av_textblock \">\n<h3 class=\"av-special-heading-tag \">Milyen jogai vannak az adataival kapcsolatban?<\/h3>\n<\/div>\n<section class=\"av_textblock_section av-mdpntdij-32aac617c18753450ffe83389e925ae7 \">\n<div class=\"avia_textblock\">\n<p>\u00d6nnek sz\u00e1mos joga van az adatainak kezel\u00e9s\u00e9vel kapcsolatban:<\/p>\n<ul>\n<li aria-level=\"1\">Tudakoz\u00f3dhat: Megtudhatja, milyen adatait kezelj\u00fck, \u00e9s hogyan.<\/li>\n<li aria-level=\"1\">K\u00e9rheti az adatok jav\u00edt\u00e1s\u00e1t: Ha valami pontatlan, kijav\u00edthatja.<\/li>\n<li aria-level=\"1\">K\u00e9rheti az adatok t\u00f6rl\u00e9s\u00e9t: Bizonyos esetekben k\u00e9rheti, hogy t\u00f6r\u00f6lj\u00fck az adatait.<\/li>\n<li aria-level=\"1\">K\u00e9rheti az adatkezel\u00e9s korl\u00e1toz\u00e1s\u00e1t: Ha vitatja az adatok pontoss\u00e1g\u00e1t, vagy az adatkezel\u00e9s jogszer\u0171s\u00e9g\u00e9t, k\u00e9rheti, hogy csak t\u00e1roljuk az adatokat, ne haszn\u00e1ljuk.<\/li>\n<li aria-level=\"1\">K\u00e9rheti az adatok \u00e1tad\u00e1s\u00e1t (adathordozhat\u00f3s\u00e1g): Bizonyos esetekben k\u00e9rheti, hogy az \u00d6n \u00e1ltal megadott adatokat egy g\u00e9ppel olvashat\u00f3 form\u00e1ban megkapja, \u00e9s \u00e1tvihesse egy m\u00e1sik c\u00e9ghez.<\/li>\n<li aria-level=\"1\">Tiltakozhat: Ha az adatkezel\u00e9s jogos \u00e9rdeken alapul, tiltakozhat ellene.<\/li>\n<li aria-level=\"1\">Visszavonhatja hozz\u00e1j\u00e1rul\u00e1s\u00e1t: Ha az adatkezel\u00e9s az \u00d6n enged\u00e9ly\u00e9n alapult (pl. j\u00f6v\u0151beli megkeres\u00e9sek), b\u00e1rmikor visszavonhatja azt. A visszavon\u00e1s nem befoly\u00e1solja az addig t\u00f6rt\u00e9nt adatkezel\u00e9s jogszer\u0171s\u00e9g\u00e9t.<\/li>\n<li aria-level=\"1\">Panaszt tehet: Ha \u00fagy \u00e9rzi, hogy jogs\u00e9rt\u00e9s t\u00f6rt\u00e9nt, panaszt tehet a Nemzeti Adatv\u00e9delmi \u00e9s Inform\u00e1ci\u00f3szabads\u00e1g Hat\u00f3s\u00e1gn\u00e1l (NAIH).\n<ul>\n<li aria-level=\"2\">NAIH el\u00e9rhet\u0151s\u00e9gei:\n<ul>\n<li aria-level=\"3\">C\u00edm: 1055 Budapest, Falk Miksa utca 9-11.<\/li>\n<li aria-level=\"3\">Telefon: +36 (1) 391-1400<\/li>\n<li aria-level=\"3\">E-mail:\u00a0ugyfelszolgalat@naih.hu<\/li>\n<li aria-level=\"3\">Weboldal:\u00a0<a href=\"https:\/\/naih.hu\/\">https:\/\/naih.hu<\/a><\/li>\n<\/ul>\n<\/li>\n<\/ul>\n<\/li>\n<\/ul>\n<\/div>\n<\/section>\n<div class=\"av-special-heading av-mdpntsh6-f0ab827641aedc801072909e3593df17 av-special-heading-h3 blockquote modern-quote avia-builder-el-18 el_after_av_textblock el_before_av_textblock \">\n<h3 class=\"av-special-heading-tag \">Mit tegyen, ha k\u00e9rd\u00e9se van?<\/h3>\n<\/div>\n<section class=\"av_textblock_section av-mdpnui1r-93079fb4894af9c432d07a12944ac1c1 \">\n<div class=\"avia_textblock\">\n<p>Ha b\u00e1rmilyen k\u00e9rd\u00e9se van a jogaival vagy az adatkezel\u00e9ssel kapcsolatban, k\u00e9rj\u00fck, vegye fel vel\u00fcnk a kapcsolatot a lent megadott e-mail c\u00edmen vagy telefonsz\u00e1mon! K\u00e9r\u00e9s\u00e9re a lehet\u0151 leghamarabb, de legfeljebb 30 napon bel\u00fcl v\u00e1laszolunk.<\/p>\n<\/div>\n<\/section>\n<div class=\"av-special-heading av-mdpnuzsb-4c1b342f4cefdc14b26792dd480ce05a av-special-heading-h3 blockquote modern-quote avia-builder-el-20 el_after_av_textblock el_before_av_textblock \">\n<h3 class=\"av-special-heading-tag \">V\u00e1ltoz\u00e1sok a t\u00e1j\u00e9koztat\u00f3ban<\/h3>\n<\/div>\n<section class=\"av_textblock_section av-mdpnvn1d-ef0391581a2cb4fcd4b13724f739b54f \">\n<div class=\"avia_textblock\">\n<p>Fenntartjuk a jogot, hogy ezt a t\u00e1j\u00e9koztat\u00f3t id\u0151r\u0151l id\u0151re m\u00f3dos\u00edtsuk. A v\u00e1ltoz\u00e1sokr\u00f3l a\u00a0honlapunkon\u00a0vagy m\u00e1s megfelel\u0151 m\u00f3don t\u00e1j\u00e9koztatjuk \u00d6nt. K\u00e9rj\u00fck, rendszeresen n\u00e9zze meg az aktu\u00e1lis verzi\u00f3t.<\/p>\n<\/div>\n<\/section>\n<div class=\"av-special-heading av-mdpnw5xr-1972c506691edc422fd06835077cf96f av-special-heading-h3 blockquote modern-quote avia-builder-el-22 el_after_av_textblock el_before_av_textblock \">\n<h3 class=\"av-special-heading-tag \">El\u00e9rhet\u0151s\u00e9g\u00fcnk<\/h3>\n<\/div>\n<section class=\"av_textblock_section av-mdpnwre0-ad8503d453c40ddc1f5da3f6a3edee90 \">\n<div class=\"avia_textblock\">\n<p>DOCCA Zrt.<\/p>\n<p>K\u00f6zponti iroda: 1123 Budapest, Gy\u0151ri \u00fat 2\/C, 2. emelet 6.<\/p>\n<p>Telefonsz\u00e1m: <a href=\"calto:06304245071\">+36 20 424 50 71<\/a><\/p>\n<p>email c\u00edm: <a href=\"mailto:rendszergazda-szolgaltatas2@doit.hu\">rendszergazda-szolgaltatas2@doit.hu<\/a><\/p>\n<\/div>\n<\/section>\n","protected":false},"excerpt":{"rendered":"<p>Adatkezel\u00e9si nyilatkozat \u00e9s hozz\u00e1j\u00e1rul\u00e1s &nbsp; Kedves \u00c9rdekl\u0151d\u0151! Fontos sz\u00e1munkra, hogy amikor felveszi a kapcsolatot a\u00a0DOCCA Zrt.-vel, tudja, mi t\u00f6rt\u00e9nik az \u00d6n \u00e1ltal megadott adatokkal. Ez a t\u00e1j\u00e9koztat\u00f3 arr\u00f3l sz\u00f3l, hogyan kezelj\u00fck ezeket az adatokat, \u00e9s mire haszn\u00e1ljuk \u0151ket. Ki kezeli az adatait? Az \u00d6n adatait a DOCCA Zrt. kezeli. C\u00edm\u00fcnk: 1123 Budapest, Gy\u0151ri \u00fat 2\/C, [&hellip;]<\/p>\n","protected":false},"author":7,"featured_media":0,"parent":0,"menu_order":0,"comment_status":"closed","ping_status":"closed","template":"","meta":{"footnotes":""},"class_list":["post-4229","page","type-page","status-publish","hentry"],"yoast_head":"<!-- This site is optimized with the Yoast SEO plugin v27.3 - https:\/\/yoast.com\/product\/yoast-seo-wordpress\/ -->\n<title>DOIT.HU- Adatkezel\u00e9si t\u00e1j\u00e9koztat\u00f3<\/title>\n<meta name=\"robots\" content=\"noindex, nofollow\" \/>\n<meta property=\"og:locale\" content=\"hu_HU\" \/>\n<meta property=\"og:type\" content=\"article\" \/>\n<meta property=\"og:title\" content=\"DOIT.HU- Adatkezel\u00e9si t\u00e1j\u00e9koztat\u00f3\" \/>\n<meta property=\"og:description\" content=\"Adatkezel\u00e9si nyilatkozat \u00e9s hozz\u00e1j\u00e1rul\u00e1s &nbsp; Kedves \u00c9rdekl\u0151d\u0151! Fontos sz\u00e1munkra, hogy amikor felveszi a kapcsolatot a\u00a0DOCCA Zrt.-vel, tudja, mi t\u00f6rt\u00e9nik az \u00d6n \u00e1ltal megadott adatokkal. Ez a t\u00e1j\u00e9koztat\u00f3 arr\u00f3l sz\u00f3l, hogyan kezelj\u00fck ezeket az adatokat, \u00e9s mire haszn\u00e1ljuk \u0151ket. Ki kezeli az adatait? Az \u00d6n adatait a DOCCA Zrt. kezeli. C\u00edm\u00fcnk: 1123 Budapest, Gy\u0151ri \u00fat 2\/C, [&hellip;]\" \/>\n<meta property=\"og:url\" content=\"https:\/\/www.doit.hu\/rendszergazda\/adatkezelesi-nyilatkozat\/\" \/>\n<meta property=\"og:site_name\" content=\"Rendszergazda szolg\u00e1ltat\u00e1s\" \/>\n<meta property=\"article:publisher\" content=\"https:\/\/www.facebook.com\/DoccaZrt\" \/>\n<meta property=\"article:modified_time\" content=\"2025-08-11T11:01:33+00:00\" \/>\n<meta name=\"twitter:card\" content=\"summary_large_image\" \/>\n<meta name=\"twitter:label1\" content=\"Becs\u00fclt olvas\u00e1si id\u0151\" \/>\n\t<meta name=\"twitter:data1\" content=\"4 perc\" \/>\n<script type=\"application\/ld+json\" class=\"yoast-schema-graph\">{\"@context\":\"https:\\\/\\\/schema.org\",\"@graph\":[{\"@type\":\"WebPage\",\"@id\":\"https:\\\/\\\/www.doit.hu\\\/rendszergazda\\\/adatkezelesi-nyilatkozat\\\/\",\"url\":\"https:\\\/\\\/www.doit.hu\\\/rendszergazda\\\/adatkezelesi-nyilatkozat\\\/\",\"name\":\"DOIT.HU- Adatkezel\u00e9si t\u00e1j\u00e9koztat\u00f3\",\"isPartOf\":{\"@id\":\"https:\\\/\\\/www.doit.hu\\\/rendszergazda\\\/#website\"},\"datePublished\":\"2024-04-01T11:09:31+00:00\",\"dateModified\":\"2025-08-11T11:01:33+00:00\",\"breadcrumb\":{\"@id\":\"https:\\\/\\\/www.doit.hu\\\/rendszergazda\\\/adatkezelesi-nyilatkozat\\\/#breadcrumb\"},\"inLanguage\":\"hu\",\"potentialAction\":[{\"@type\":\"ReadAction\",\"target\":[\"https:\\\/\\\/www.doit.hu\\\/rendszergazda\\\/adatkezelesi-nyilatkozat\\\/\"]}]},{\"@type\":\"BreadcrumbList\",\"@id\":\"https:\\\/\\\/www.doit.hu\\\/rendszergazda\\\/adatkezelesi-nyilatkozat\\\/#breadcrumb\",\"itemListElement\":[{\"@type\":\"ListItem\",\"position\":1,\"name\":\"Home\",\"item\":\"https:\\\/\\\/www.doit.hu\\\/rendszergazda\\\/fooldal-flexi\\\/\"},{\"@type\":\"ListItem\",\"position\":2,\"name\":\"Adatkezel\u00e9si t\u00e1j\u00e9koztat\u00f3\"}]},{\"@type\":\"WebSite\",\"@id\":\"https:\\\/\\\/www.doit.hu\\\/rendszergazda\\\/#website\",\"url\":\"https:\\\/\\\/www.doit.hu\\\/rendszergazda\\\/\",\"name\":\"Rendszergazda szolg\u00e1ltat\u00e1s\",\"description\":\"\",\"publisher\":{\"@id\":\"https:\\\/\\\/www.doit.hu\\\/rendszergazda\\\/#organization\"},\"potentialAction\":[{\"@type\":\"SearchAction\",\"target\":{\"@type\":\"EntryPoint\",\"urlTemplate\":\"https:\\\/\\\/www.doit.hu\\\/rendszergazda\\\/?s={search_term_string}\"},\"query-input\":{\"@type\":\"PropertyValueSpecification\",\"valueRequired\":true,\"valueName\":\"search_term_string\"}}],\"inLanguage\":\"hu\"},{\"@type\":\"Organization\",\"@id\":\"https:\\\/\\\/www.doit.hu\\\/rendszergazda\\\/#organization\",\"name\":\"DOCCA Zrt.\",\"url\":\"https:\\\/\\\/www.doit.hu\\\/rendszergazda\\\/\",\"logo\":{\"@type\":\"ImageObject\",\"inLanguage\":\"hu\",\"@id\":\"https:\\\/\\\/www.doit.hu\\\/rendszergazda\\\/#\\\/schema\\\/logo\\\/image\\\/\",\"url\":\"https:\\\/\\\/www.doit.hu\\\/rendszergazda\\\/wp-content\\\/uploads\\\/2019\\\/04\\\/logo.png\",\"contentUrl\":\"https:\\\/\\\/www.doit.hu\\\/rendszergazda\\\/wp-content\\\/uploads\\\/2019\\\/04\\\/logo.png\",\"width\":263,\"height\":82,\"caption\":\"DOCCA Zrt.\"},\"image\":{\"@id\":\"https:\\\/\\\/www.doit.hu\\\/rendszergazda\\\/#\\\/schema\\\/logo\\\/image\\\/\"},\"sameAs\":[\"https:\\\/\\\/www.facebook.com\\\/DoccaZrt\"]}]}<\/script>\n<!-- \/ Yoast SEO plugin. -->","yoast_head_json":{"title":"DOIT.HU- Adatkezel\u00e9si t\u00e1j\u00e9koztat\u00f3","robots":{"index":"noindex","follow":"nofollow"},"og_locale":"hu_HU","og_type":"article","og_title":"DOIT.HU- Adatkezel\u00e9si t\u00e1j\u00e9koztat\u00f3","og_description":"Adatkezel\u00e9si nyilatkozat \u00e9s hozz\u00e1j\u00e1rul\u00e1s &nbsp; Kedves \u00c9rdekl\u0151d\u0151! Fontos sz\u00e1munkra, hogy amikor felveszi a kapcsolatot a\u00a0DOCCA Zrt.-vel, tudja, mi t\u00f6rt\u00e9nik az \u00d6n \u00e1ltal megadott adatokkal. Ez a t\u00e1j\u00e9koztat\u00f3 arr\u00f3l sz\u00f3l, hogyan kezelj\u00fck ezeket az adatokat, \u00e9s mire haszn\u00e1ljuk \u0151ket. Ki kezeli az adatait? Az \u00d6n adatait a DOCCA Zrt. kezeli. C\u00edm\u00fcnk: 1123 Budapest, Gy\u0151ri \u00fat 2\/C, [&hellip;]","og_url":"https:\/\/www.doit.hu\/rendszergazda\/adatkezelesi-nyilatkozat\/","og_site_name":"Rendszergazda szolg\u00e1ltat\u00e1s","article_publisher":"https:\/\/www.facebook.com\/DoccaZrt","article_modified_time":"2025-08-11T11:01:33+00:00","twitter_card":"summary_large_image","twitter_misc":{"Becs\u00fclt olvas\u00e1si id\u0151":"4 perc"},"schema":{"@context":"https:\/\/schema.org","@graph":[{"@type":"WebPage","@id":"https:\/\/www.doit.hu\/rendszergazda\/adatkezelesi-nyilatkozat\/","url":"https:\/\/www.doit.hu\/rendszergazda\/adatkezelesi-nyilatkozat\/","name":"DOIT.HU- Adatkezel\u00e9si t\u00e1j\u00e9koztat\u00f3","isPartOf":{"@id":"https:\/\/www.doit.hu\/rendszergazda\/#website"},"datePublished":"2024-04-01T11:09:31+00:00","dateModified":"2025-08-11T11:01:33+00:00","breadcrumb":{"@id":"https:\/\/www.doit.hu\/rendszergazda\/adatkezelesi-nyilatkozat\/#breadcrumb"},"inLanguage":"hu","potentialAction":[{"@type":"ReadAction","target":["https:\/\/www.doit.hu\/rendszergazda\/adatkezelesi-nyilatkozat\/"]}]},{"@type":"BreadcrumbList","@id":"https:\/\/www.doit.hu\/rendszergazda\/adatkezelesi-nyilatkozat\/#breadcrumb","itemListElement":[{"@type":"ListItem","position":1,"name":"Home","item":"https:\/\/www.doit.hu\/rendszergazda\/fooldal-flexi\/"},{"@type":"ListItem","position":2,"name":"Adatkezel\u00e9si t\u00e1j\u00e9koztat\u00f3"}]},{"@type":"WebSite","@id":"https:\/\/www.doit.hu\/rendszergazda\/#website","url":"https:\/\/www.doit.hu\/rendszergazda\/","name":"Rendszergazda szolg\u00e1ltat\u00e1s","description":"","publisher":{"@id":"https:\/\/www.doit.hu\/rendszergazda\/#organization"},"potentialAction":[{"@type":"SearchAction","target":{"@type":"EntryPoint","urlTemplate":"https:\/\/www.doit.hu\/rendszergazda\/?s={search_term_string}"},"query-input":{"@type":"PropertyValueSpecification","valueRequired":true,"valueName":"search_term_string"}}],"inLanguage":"hu"},{"@type":"Organization","@id":"https:\/\/www.doit.hu\/rendszergazda\/#organization","name":"DOCCA Zrt.","url":"https:\/\/www.doit.hu\/rendszergazda\/","logo":{"@type":"ImageObject","inLanguage":"hu","@id":"https:\/\/www.doit.hu\/rendszergazda\/#\/schema\/logo\/image\/","url":"https:\/\/www.doit.hu\/rendszergazda\/wp-content\/uploads\/2019\/04\/logo.png","contentUrl":"https:\/\/www.doit.hu\/rendszergazda\/wp-content\/uploads\/2019\/04\/logo.png","width":263,"height":82,"caption":"DOCCA Zrt."},"image":{"@id":"https:\/\/www.doit.hu\/rendszergazda\/#\/schema\/logo\/image\/"},"sameAs":["https:\/\/www.facebook.com\/DoccaZrt"]}]}},"_links":{"self":[{"href":"https:\/\/www.doit.hu\/rendszergazda\/wp-json\/wp\/v2\/pages\/4229","targetHints":{"allow":["GET"]}}],"collection":[{"href":"https:\/\/www.doit.hu\/rendszergazda\/wp-json\/wp\/v2\/pages"}],"about":[{"href":"https:\/\/www.doit.hu\/rendszergazda\/wp-json\/wp\/v2\/types\/page"}],"author":[{"embeddable":true,"href":"https:\/\/www.doit.hu\/rendszergazda\/wp-json\/wp\/v2\/users\/7"}],"replies":[{"embeddable":true,"href":"https:\/\/www.doit.hu\/rendszergazda\/wp-json\/wp\/v2\/comments?post=4229"}],"version-history":[{"count":5,"href":"https:\/\/www.doit.hu\/rendszergazda\/wp-json\/wp\/v2\/pages\/4229\/revisions"}],"predecessor-version":[{"id":4568,"href":"https:\/\/www.doit.hu\/rendszergazda\/wp-json\/wp\/v2\/pages\/4229\/revisions\/4568"}],"wp:attachment":[{"href":"https:\/\/www.doit.hu\/rendszergazda\/wp-json\/wp\/v2\/media?parent=4229"}],"curies":[{"name":"wp","href":"https:\/\/api.w.org\/{rel}","templated":true}]}}