{"id":4064,"date":"2023-10-21T15:06:08","date_gmt":"2023-10-21T15:06:08","guid":{"rendered":"https:\/\/www.doit.hu\/rendszergazda\/?page_id=4064"},"modified":"2025-05-22T08:11:15","modified_gmt":"2025-05-22T08:11:15","slug":"google-workspace-es-gcp","status":"publish","type":"page","link":"https:\/\/www.doit.hu\/rendszergazda\/google-workspace-es-gcp\/","title":{"rendered":"Google Workspace \u00e9s GCP"},"content":{"rendered":"\n<style type=\"text\/css\" data-created_by=\"avia_inline_auto\" id=\"style-css-av-av_section-e61605633c057e2fe072ea30a3d6d5d7\">\n.avia-section.av-av_section-e61605633c057e2fe072ea30a3d6d5d7{\nbackground-color:#cddbeb;\nbackground-image:url(https:\/\/www.doit.hu\/rendszergazda\/wp-content\/uploads\/2020\/02\/ballpen-blur-close-up-computer-461077.jpg);\nbackground-repeat:no-repeat;\nbackground-position:50% 50%;\nbackground-attachment:scroll;\n}\n.avia-section.av-av_section-e61605633c057e2fe072ea30a3d6d5d7 .av-section-color-overlay{\nopacity:0.5;\nbackground-color:#1e3f6f;\n}\n<\/style>\n<div id='av_section_1'  class='avia-section av-av_section-e61605633c057e2fe072ea30a3d6d5d7 main_color avia-section-small avia-no-border-styling  avia-builder-el-0  el_before_av_textblock  avia-builder-el-first  avia-bg-style-scroll av-section-color-overlay-active av-minimum-height av-minimum-height-custom av-height-custom  container_wrap sidebar_right'  data-section-bg-repeat='no-repeat' data-av_minimum_height_px='250'><div class=\"av-section-color-overlay-wrap\"><div class=\"av-section-color-overlay\"><\/div><div class='container av-section-cont-open' style='height:250px'><main  role=\"main\" itemprop=\"mainContentOfPage\"  class='template-page content  av-content-small alpha units'><div class='post-entry post-entry-type-page post-entry-4064'><div class='entry-content-wrapper clearfix'>\n\n<style type=\"text\/css\" data-created_by=\"avia_inline_auto\" id=\"style-css-av-av_one_full-7c2683fef61086de23ac668ab758dc1e\">\n.flex_column.av-av_one_full-7c2683fef61086de23ac668ab758dc1e{\nborder-radius:0px 0px 0px 0px;\npadding:30px 0px 25px 0px;\n}\n<\/style>\n<div  class='flex_column av-av_one_full-7c2683fef61086de23ac668ab758dc1e av_one_full  avia-builder-el-1  avia-builder-el-no-sibling  first flex_column_div  '     ><style type=\"text\/css\" data-created_by=\"avia_inline_auto\" id=\"style-css-av-av_heading-e1515a57f8fdb32d18df4ebf29eb7818\">\n#top .av-special-heading.av-av_heading-e1515a57f8fdb32d18df4ebf29eb7818{\npadding-bottom:10px;\ncolor:#ffffff;\n}\nbody .av-special-heading.av-av_heading-e1515a57f8fdb32d18df4ebf29eb7818 .av-special-heading-tag .heading-char{\nfont-size:25px;\n}\n.av-special-heading.av-av_heading-e1515a57f8fdb32d18df4ebf29eb7818 .special-heading-inner-border{\nborder-color:#ffffff;\n}\n.av-special-heading.av-av_heading-e1515a57f8fdb32d18df4ebf29eb7818 .av-subheading{\nfont-size:22px;\n}\n<\/style>\n<div  class='av-special-heading av-av_heading-e1515a57f8fdb32d18df4ebf29eb7818 av-special-heading-h1 custom-color-heading blockquote modern-quote modern-centered  avia-builder-el-2  avia-builder-el-no-sibling  av-linked-heading'><h1 class='av-special-heading-tag '  itemprop=\"headline\"  >Google Workspace \u00e9s Cloud szolg\u00e1ltat\u00e1sok<\/h1><div class=\"special-heading-border\"><div class=\"special-heading-inner-border\"><\/div><\/div><\/div><\/div>\n<\/div><\/div><\/main><!-- close content main element --><\/div><\/div><\/div><div id='after_section_1'  class='main_color av_default_container_wrap container_wrap sidebar_right'  ><div class='container av-section-cont-open' ><div class='template-page content  av-content-small alpha units'><div class='post-entry post-entry-type-page post-entry-4064'><div class='entry-content-wrapper clearfix'>\n<section  class='av_textblock_section av-av_textblock-e878f05c31dff72941bf1e49a00d9ff5 '   itemscope=\"itemscope\" itemtype=\"https:\/\/schema.org\/CreativeWork\" ><div class='avia_textblock'  itemprop=\"text\" ><h1><\/h1>\n<p>A DOCCA\/DOIT hivatalos Google partnerk\u00e9nt sz\u00e1mos szolg\u00e1ltat\u00e1ssal \u00e1ll \u00fcgyfelei rendelkez\u00e9s\u00e9re a Google Workspace \u00e9s a Google Cloud Platform ter\u00e9n:<\/p>\n<p><strong>Konzult\u00e1ci\u00f3.<\/strong> Szak\u00e9rt\u0151ink tan\u00e1csot adnak \u00e9s seg\u00edts\u00e9get ny\u00fajtanak a Google Workspace \u00e9s a Google Cloud Platform haszn\u00e1lat\u00e1val kapcsolatos k\u00e9rd\u00e9sekben.<\/p>\n<p><strong>Megold\u00e1sok tervez\u00e9se \u00e9s kivitelez\u00e9se.<\/strong> Szakembereink v\u00e1llalj\u00e1k az egyedi ig\u00e9nyekre szabott megold\u00e1sok kidolgoz\u00e1s\u00e1t \u00e9s megval\u00f3s\u00edt\u00e1s\u00e1t a Google platformokon.<\/p>\n<p><strong>GWS licenszek \u00e9rt\u00e9kes\u00edt\u00e9se.<\/strong> K\u00edn\u00e1latunkban szerepelnek a Google Workspace licenszek is, melyekr\u0151l r\u00e9szletesebb inform\u00e1ci\u00f3kat a www.google-workspace.hu oldalon tal\u00e1lhat.<\/p>\n<\/div><\/section>\n","protected":false},"excerpt":{"rendered":"","protected":false},"author":7,"featured_media":0,"parent":0,"menu_order":0,"comment_status":"closed","ping_status":"closed","template":"","meta":{"footnotes":""},"class_list":["post-4064","page","type-page","status-publish","hentry"],"yoast_head":"<!-- This site is optimized with the Yoast SEO plugin v27.4 - https:\/\/yoast.com\/product\/yoast-seo-wordpress\/ -->\n<title>Google Workspace \u00e9s GCP - Rendszergazda szolg\u00e1ltat\u00e1s<\/title>\n<meta name=\"description\" content=\"A DOCCA\/DOIT hivatalos Google partnerk\u00e9nt sz\u00e1mos szolg\u00e1ltat\u00e1ssal \u00e1ll \u00fcgyfelei rendelkez\u00e9s\u00e9re a Google Workspace \u00e9s a Google Cloud Platform ter\u00e9n.\" \/>\n<meta name=\"robots\" content=\"index, follow, max-snippet:-1, max-image-preview:large, max-video-preview:-1\" \/>\n<link rel=\"canonical\" href=\"https:\/\/www.doit.hu\/rendszergazda\/google-workspace-es-gcp\/\" \/>\n<meta property=\"og:locale\" content=\"hu_HU\" \/>\n<meta property=\"og:type\" content=\"article\" \/>\n<meta property=\"og:title\" content=\"Google Workspace \u00e9s GCP - Rendszergazda szolg\u00e1ltat\u00e1s\" \/>\n<meta property=\"og:description\" content=\"A DOCCA\/DOIT hivatalos Google partnerk\u00e9nt sz\u00e1mos szolg\u00e1ltat\u00e1ssal \u00e1ll \u00fcgyfelei rendelkez\u00e9s\u00e9re a Google Workspace \u00e9s a Google Cloud Platform ter\u00e9n.\" \/>\n<meta property=\"og:url\" content=\"https:\/\/www.doit.hu\/rendszergazda\/google-workspace-es-gcp\/\" \/>\n<meta property=\"og:site_name\" content=\"Rendszergazda szolg\u00e1ltat\u00e1s\" \/>\n<meta property=\"article:publisher\" content=\"https:\/\/www.facebook.com\/DoccaZrt\" \/>\n<meta property=\"article:modified_time\" content=\"2025-05-22T08:11:15+00:00\" \/>\n<meta name=\"twitter:card\" content=\"summary_large_image\" \/>\n<meta name=\"twitter:label1\" content=\"Becs\u00fclt olvas\u00e1si id\u0151\" \/>\n\t<meta name=\"twitter:data1\" content=\"2 perc\" \/>\n<script type=\"application\/ld+json\" class=\"yoast-schema-graph\">{\"@context\":\"https:\\\/\\\/schema.org\",\"@graph\":[{\"@type\":\"WebPage\",\"@id\":\"https:\\\/\\\/www.doit.hu\\\/rendszergazda\\\/google-workspace-es-gcp\\\/\",\"url\":\"https:\\\/\\\/www.doit.hu\\\/rendszergazda\\\/google-workspace-es-gcp\\\/\",\"name\":\"Google Workspace \u00e9s GCP - Rendszergazda szolg\u00e1ltat\u00e1s\",\"isPartOf\":{\"@id\":\"https:\\\/\\\/www.doit.hu\\\/rendszergazda\\\/#website\"},\"datePublished\":\"2023-10-21T15:06:08+00:00\",\"dateModified\":\"2025-05-22T08:11:15+00:00\",\"description\":\"A DOCCA\\\/DOIT hivatalos Google partnerk\u00e9nt sz\u00e1mos szolg\u00e1ltat\u00e1ssal \u00e1ll \u00fcgyfelei rendelkez\u00e9s\u00e9re a Google Workspace \u00e9s a Google Cloud Platform ter\u00e9n.\",\"breadcrumb\":{\"@id\":\"https:\\\/\\\/www.doit.hu\\\/rendszergazda\\\/google-workspace-es-gcp\\\/#breadcrumb\"},\"inLanguage\":\"hu\",\"potentialAction\":[{\"@type\":\"ReadAction\",\"target\":[\"https:\\\/\\\/www.doit.hu\\\/rendszergazda\\\/google-workspace-es-gcp\\\/\"]}]},{\"@type\":\"BreadcrumbList\",\"@id\":\"https:\\\/\\\/www.doit.hu\\\/rendszergazda\\\/google-workspace-es-gcp\\\/#breadcrumb\",\"itemListElement\":[{\"@type\":\"ListItem\",\"position\":1,\"name\":\"Home\",\"item\":\"https:\\\/\\\/www.doit.hu\\\/rendszergazda\\\/fooldal-flexi\\\/\"},{\"@type\":\"ListItem\",\"position\":2,\"name\":\"Google Workspace \u00e9s GCP\"}]},{\"@type\":\"WebSite\",\"@id\":\"https:\\\/\\\/www.doit.hu\\\/rendszergazda\\\/#website\",\"url\":\"https:\\\/\\\/www.doit.hu\\\/rendszergazda\\\/\",\"name\":\"Rendszergazda szolg\u00e1ltat\u00e1s\",\"description\":\"\",\"publisher\":{\"@id\":\"https:\\\/\\\/www.doit.hu\\\/rendszergazda\\\/#organization\"},\"potentialAction\":[{\"@type\":\"SearchAction\",\"target\":{\"@type\":\"EntryPoint\",\"urlTemplate\":\"https:\\\/\\\/www.doit.hu\\\/rendszergazda\\\/?s={search_term_string}\"},\"query-input\":{\"@type\":\"PropertyValueSpecification\",\"valueRequired\":true,\"valueName\":\"search_term_string\"}}],\"inLanguage\":\"hu\"},{\"@type\":\"Organization\",\"@id\":\"https:\\\/\\\/www.doit.hu\\\/rendszergazda\\\/#organization\",\"name\":\"DOCCA Zrt.\",\"url\":\"https:\\\/\\\/www.doit.hu\\\/rendszergazda\\\/\",\"logo\":{\"@type\":\"ImageObject\",\"inLanguage\":\"hu\",\"@id\":\"https:\\\/\\\/www.doit.hu\\\/rendszergazda\\\/#\\\/schema\\\/logo\\\/image\\\/\",\"url\":\"https:\\\/\\\/www.doit.hu\\\/rendszergazda\\\/wp-content\\\/uploads\\\/2019\\\/04\\\/logo.png\",\"contentUrl\":\"https:\\\/\\\/www.doit.hu\\\/rendszergazda\\\/wp-content\\\/uploads\\\/2019\\\/04\\\/logo.png\",\"width\":263,\"height\":82,\"caption\":\"DOCCA Zrt.\"},\"image\":{\"@id\":\"https:\\\/\\\/www.doit.hu\\\/rendszergazda\\\/#\\\/schema\\\/logo\\\/image\\\/\"},\"sameAs\":[\"https:\\\/\\\/www.facebook.com\\\/DoccaZrt\"]}]}<\/script>\n<!-- \/ Yoast SEO plugin. -->","yoast_head_json":{"title":"Google Workspace \u00e9s GCP - Rendszergazda szolg\u00e1ltat\u00e1s","description":"A DOCCA\/DOIT hivatalos Google partnerk\u00e9nt sz\u00e1mos szolg\u00e1ltat\u00e1ssal \u00e1ll \u00fcgyfelei rendelkez\u00e9s\u00e9re a Google Workspace \u00e9s a Google Cloud Platform ter\u00e9n.","robots":{"index":"index","follow":"follow","max-snippet":"max-snippet:-1","max-image-preview":"max-image-preview:large","max-video-preview":"max-video-preview:-1"},"canonical":"https:\/\/www.doit.hu\/rendszergazda\/google-workspace-es-gcp\/","og_locale":"hu_HU","og_type":"article","og_title":"Google Workspace \u00e9s GCP - Rendszergazda szolg\u00e1ltat\u00e1s","og_description":"A DOCCA\/DOIT hivatalos Google partnerk\u00e9nt sz\u00e1mos szolg\u00e1ltat\u00e1ssal \u00e1ll \u00fcgyfelei rendelkez\u00e9s\u00e9re a Google Workspace \u00e9s a Google Cloud Platform ter\u00e9n.","og_url":"https:\/\/www.doit.hu\/rendszergazda\/google-workspace-es-gcp\/","og_site_name":"Rendszergazda szolg\u00e1ltat\u00e1s","article_publisher":"https:\/\/www.facebook.com\/DoccaZrt","article_modified_time":"2025-05-22T08:11:15+00:00","twitter_card":"summary_large_image","twitter_misc":{"Becs\u00fclt olvas\u00e1si id\u0151":"2 perc"},"schema":{"@context":"https:\/\/schema.org","@graph":[{"@type":"WebPage","@id":"https:\/\/www.doit.hu\/rendszergazda\/google-workspace-es-gcp\/","url":"https:\/\/www.doit.hu\/rendszergazda\/google-workspace-es-gcp\/","name":"Google Workspace \u00e9s GCP - Rendszergazda szolg\u00e1ltat\u00e1s","isPartOf":{"@id":"https:\/\/www.doit.hu\/rendszergazda\/#website"},"datePublished":"2023-10-21T15:06:08+00:00","dateModified":"2025-05-22T08:11:15+00:00","description":"A DOCCA\/DOIT hivatalos Google partnerk\u00e9nt sz\u00e1mos szolg\u00e1ltat\u00e1ssal \u00e1ll \u00fcgyfelei rendelkez\u00e9s\u00e9re a Google Workspace \u00e9s a Google Cloud Platform ter\u00e9n.","breadcrumb":{"@id":"https:\/\/www.doit.hu\/rendszergazda\/google-workspace-es-gcp\/#breadcrumb"},"inLanguage":"hu","potentialAction":[{"@type":"ReadAction","target":["https:\/\/www.doit.hu\/rendszergazda\/google-workspace-es-gcp\/"]}]},{"@type":"BreadcrumbList","@id":"https:\/\/www.doit.hu\/rendszergazda\/google-workspace-es-gcp\/#breadcrumb","itemListElement":[{"@type":"ListItem","position":1,"name":"Home","item":"https:\/\/www.doit.hu\/rendszergazda\/fooldal-flexi\/"},{"@type":"ListItem","position":2,"name":"Google Workspace \u00e9s GCP"}]},{"@type":"WebSite","@id":"https:\/\/www.doit.hu\/rendszergazda\/#website","url":"https:\/\/www.doit.hu\/rendszergazda\/","name":"Rendszergazda szolg\u00e1ltat\u00e1s","description":"","publisher":{"@id":"https:\/\/www.doit.hu\/rendszergazda\/#organization"},"potentialAction":[{"@type":"SearchAction","target":{"@type":"EntryPoint","urlTemplate":"https:\/\/www.doit.hu\/rendszergazda\/?s={search_term_string}"},"query-input":{"@type":"PropertyValueSpecification","valueRequired":true,"valueName":"search_term_string"}}],"inLanguage":"hu"},{"@type":"Organization","@id":"https:\/\/www.doit.hu\/rendszergazda\/#organization","name":"DOCCA Zrt.","url":"https:\/\/www.doit.hu\/rendszergazda\/","logo":{"@type":"ImageObject","inLanguage":"hu","@id":"https:\/\/www.doit.hu\/rendszergazda\/#\/schema\/logo\/image\/","url":"https:\/\/www.doit.hu\/rendszergazda\/wp-content\/uploads\/2019\/04\/logo.png","contentUrl":"https:\/\/www.doit.hu\/rendszergazda\/wp-content\/uploads\/2019\/04\/logo.png","width":263,"height":82,"caption":"DOCCA Zrt."},"image":{"@id":"https:\/\/www.doit.hu\/rendszergazda\/#\/schema\/logo\/image\/"},"sameAs":["https:\/\/www.facebook.com\/DoccaZrt"]}]}},"_links":{"self":[{"href":"https:\/\/www.doit.hu\/rendszergazda\/wp-json\/wp\/v2\/pages\/4064","targetHints":{"allow":["GET"]}}],"collection":[{"href":"https:\/\/www.doit.hu\/rendszergazda\/wp-json\/wp\/v2\/pages"}],"about":[{"href":"https:\/\/www.doit.hu\/rendszergazda\/wp-json\/wp\/v2\/types\/page"}],"author":[{"embeddable":true,"href":"https:\/\/www.doit.hu\/rendszergazda\/wp-json\/wp\/v2\/users\/7"}],"replies":[{"embeddable":true,"href":"https:\/\/www.doit.hu\/rendszergazda\/wp-json\/wp\/v2\/comments?post=4064"}],"version-history":[{"count":5,"href":"https:\/\/www.doit.hu\/rendszergazda\/wp-json\/wp\/v2\/pages\/4064\/revisions"}],"predecessor-version":[{"id":4774,"href":"https:\/\/www.doit.hu\/rendszergazda\/wp-json\/wp\/v2\/pages\/4064\/revisions\/4774"}],"wp:attachment":[{"href":"https:\/\/www.doit.hu\/rendszergazda\/wp-json\/wp\/v2\/media?parent=4064"}],"curies":[{"name":"wp","href":"https:\/\/api.w.org\/{rel}","templated":true}]}}