{"id":3267,"date":"2022-12-12T09:49:51","date_gmt":"2022-12-12T09:49:51","guid":{"rendered":"https:\/\/www.doit.hu\/rendszergazda\/?page_id=3267"},"modified":"2022-12-12T09:51:08","modified_gmt":"2022-12-12T09:51:08","slug":"kik-a-rendszergazdak","status":"publish","type":"page","link":"https:\/\/www.doit.hu\/rendszergazda\/kik-a-rendszergazdak\/","title":{"rendered":"Rendszergazda szolg\u00e1ltat\u00e1s"},"content":{"rendered":"\n<style type=\"text\/css\" data-created_by=\"avia_inline_auto\" id=\"style-css-av-juv01xyx-3be78f624581bd8156a12bd9d6de029e\">\n.avia-section.av-juv01xyx-3be78f624581bd8156a12bd9d6de029e{\nbackground-color:#cddbeb;\nbackground-image:url(https:\/\/www.doit.hu\/rendszergazda\/wp-content\/uploads\/2019\/04\/rendszergazda_hd_no_bg.jpg);\nbackground-repeat:no-repeat;\nbackground-position:50% 50%;\nbackground-attachment:scroll;\n}\n<\/style>\n<div id='av_section_1'  class='avia-section av-juv01xyx-3be78f624581bd8156a12bd9d6de029e main_color avia-section-no-padding avia-no-border-styling  avia-builder-el-0  el_before_av_one_half  avia-builder-el-first  av-medium-hide av-small-hide av-mini-hide avia-bg-style-scroll container_wrap sidebar_right'  data-section-bg-repeat='no-repeat'><div class='container av-section-cont-open' ><main  role=\"main\" itemprop=\"mainContentOfPage\"  class='template-page content  av-content-small alpha units'><div class='post-entry post-entry-type-page post-entry-3267'><div class='entry-content-wrapper clearfix'>\n<div class='flex_column_table av-4kciol-7ecd4475fd7d1a9cf173ecec79ba2b8a sc-av_one_half av-equal-height-column-flextable'>\n<style type=\"text\/css\" data-created_by=\"avia_inline_auto\" id=\"style-css-av-4kciol-7ecd4475fd7d1a9cf173ecec79ba2b8a\">\n.flex_column.av-4kciol-7ecd4475fd7d1a9cf173ecec79ba2b8a{\nborder-radius:0px 0px 0px 0px;\npadding:20px 0px 20px 0px;\n}\n<\/style>\n<div  class='flex_column av-4kciol-7ecd4475fd7d1a9cf173ecec79ba2b8a av_one_half  avia-builder-el-1  el_before_av_one_half  avia-builder-el-first  first flex_column_table_cell av-equal-height-column av-align-middle  '     ><\/div><div class='av-flex-placeholder'><\/div>\n<style type=\"text\/css\" data-created_by=\"avia_inline_auto\" id=\"style-css-av-2ps1j9-b39617b28a5a58d929e1663f7de61024\">\n.flex_column.av-2ps1j9-b39617b28a5a58d929e1663f7de61024{\nborder-radius:0px 0px 0px 0px;\npadding:50px 0px 35px 0px;\n}\n<\/style>\n<div  class='flex_column av-2ps1j9-b39617b28a5a58d929e1663f7de61024 av_one_half  avia-builder-el-2  el_after_av_one_half  avia-builder-el-last  flex_column_table_cell av-equal-height-column av-align-middle  '     ><style type=\"text\/css\" data-created_by=\"avia_inline_auto\" id=\"style-css-av-juv02uk5-64b4bd0ad75aaf0c06a907fd4307f84d\">\n#top .av_textblock_section.av-juv02uk5-64b4bd0ad75aaf0c06a907fd4307f84d .avia_textblock{\nfont-size:15px;\ncolor:#ffffff;\n}\n<\/style>\n<section  class='av_textblock_section av-juv02uk5-64b4bd0ad75aaf0c06a907fd4307f84d '   itemscope=\"itemscope\" itemtype=\"https:\/\/schema.org\/CreativeWork\" ><div class='avia_textblock av_inherit_color'  itemprop=\"text\" ><h3>Rendszergazda szolg\u00e1ltat\u00e1s<\/h3>\n<p>IT \u00fczemeltet\u00e9si \u00e9s rendszergazdai szolg\u00e1ltat\u00e1sokat ny\u00fajtunk kis-, k\u00f6zepes- \u00e9s nagym\u00e9ret\u0171 c\u00e9geknek, szervezeteknek.<\/p>\n<\/div><\/section><\/div><\/div><!--close column table wrapper. Autoclose: 1 -->\n<\/div><\/div><\/main><!-- close content main element --><\/div><\/div><div id='after_section_1'  class='main_color av_default_container_wrap container_wrap sidebar_right'  ><div class='container av-section-cont-open' ><div class='template-page content  av-content-small alpha units'><div class='post-entry post-entry-type-page post-entry-3267'><div class='entry-content-wrapper clearfix'>\n<div  class='flex_column av-5e1gab-6c9a5b05ebe695d1802ae4cd9bc692f4 av_one_half  avia-builder-el-4  el_after_av_section  el_before_av_one_half  avia-builder-el-first  first flex_column_div  '     ><style type=\"text\/css\" data-created_by=\"avia_inline_auto\" id=\"style-css-av-l7ulzkf2-62f052f9f4f5f914550db0c6e4227843\">\n#top .av_textblock_section.av-l7ulzkf2-62f052f9f4f5f914550db0c6e4227843 .avia_textblock{\ntext-align:left;\n}\n<\/style>\n<section  class='av_textblock_section av-l7ulzkf2-62f052f9f4f5f914550db0c6e4227843 '   itemscope=\"itemscope\" itemtype=\"https:\/\/schema.org\/CreativeWork\" ><div class='avia_textblock'  itemprop=\"text\" ><div class=\"av-special-heading av-6x703n-f2c262ef1458753a5917a85621cda991 av-special-heading-h2 blockquote modern-quote avia-builder-el-30 el_after_av_hr el_before_av_textblock \">\n<h2 class=\"av-special-heading-tag\" style=\"text-align: center;\">Kik a rendszergazd\u00e1k?<\/h2>\n<\/div>\n<section class=\"av_textblock_section av-jutgj5v8-958ed05055705313c0edc8b36d3fb14f\">\n<div class=\"avia_textblock\">\n<p style=\"text-align: center;\">A rendszergazd\u00e1k olyan magas szint\u0171 informatikai ismerettel rendelkez\u0151 szakemberek, akiknek legfontosabb feladatuk az informatikai rendszerek \u00e9s szolg\u00e1ltat\u00e1sok folyamatos, megb\u00edzhat\u00f3 \u00e9s biztons\u00e1gos \u00fczemeltet\u00e9se. A rendszergazd\u00e1k felel\u0151sek a hardver- \u00e9s szoftvereszk\u00f6z\u00f6k kezel\u00e9s\u00e9\u00e9rt, hibaelh\u00e1r\u00edt\u00e1s\u00e1\u00e9rt, licencel\u00e9s\u00e9\u00e9rt \u00e9s friss\u00edt\u00e9s\u00e9\u00e9rt.<\/p>\n<\/div>\n<\/section>\n<\/div><\/section><\/div>\n<div  class='flex_column av-3mw05f-56ba34853eb2a6a969f740a0303fce2f av_one_half  avia-builder-el-6  el_after_av_one_half  el_before_av_textblock  flex_column_div  '     ><style type=\"text\/css\" data-created_by=\"avia_inline_auto\" id=\"style-css-av-l8ochyft-e5e319369fdfe6310a9b8b8df4c71b48\">\n#top .av_textblock_section.av-l8ochyft-e5e319369fdfe6310a9b8b8df4c71b48 .avia_textblock{\ntext-align:left;\n}\n<\/style>\n<section  class='av_textblock_section av-l8ochyft-e5e319369fdfe6310a9b8b8df4c71b48 '   itemscope=\"itemscope\" itemtype=\"https:\/\/schema.org\/CreativeWork\" ><div class='avia_textblock'  itemprop=\"text\" ><div class=\"av-special-heading av-6x703n-f2c262ef1458753a5917a85621cda991 av-special-heading-h2 blockquote modern-quote avia-builder-el-30 el_after_av_hr el_before_av_textblock \">\n<h2 class=\"av-special-heading-tag\" style=\"text-align: center;\">Sz\u00fcks\u00e9ge van j\u00f3 rendszergazdai szolg\u00e1ltat\u00e1sra?<\/h2>\n<\/div>\n<section class=\"av_textblock_section av-jutgj5v8-958ed05055705313c0edc8b36d3fb14f\">\n<div class=\"avia_textblock\">\n<p style=\"text-align: center;\">Az <a href=\"https:\/\/www.doit.hu\/rendszergazda\/arkalkulator\/\">automatikus kalkul\u00e1torunkkal<\/a> 1 perc alatt megtudhatja, hogy \u00d6n\u00f6kn\u00e9l kb. mennyibe ker\u00fclne a DOIT-tal megoldani az informatikai rendszer \u00fczemeltet\u00e9st.<\/p>\n<\/div>\n<\/section>\n<\/div><\/section><\/div>\n<section  class='av_textblock_section av-3kpccz-1b5175f2ffc4c65a60d2f3494c60a1df '   itemscope=\"itemscope\" itemtype=\"https:\/\/schema.org\/CreativeWork\" ><div class='avia_textblock'  itemprop=\"text\" ><\/div><\/section>\n<div  class='flex_column av-2qivpf-6b5d9873a4ebe4548479453350f7aa35 av_one_full  avia-builder-el-9  el_after_av_textblock  el_before_av_one_full  first flex_column_div  column-top-margin'     ><p><div  class='hr av-947sj-f4a93806aead8b321e9f465101c2faaf hr-default  avia-builder-el-10  el_before_av_textblock  avia-builder-el-first '><span class='hr-inner '><span class=\"hr-inner-style\"><\/span><\/span><\/div><br \/>\n<section  class='av_textblock_section av-l7ulybie-0f2f3d203102dda67f8f211dfeaaa56f '   itemscope=\"itemscope\" itemtype=\"https:\/\/schema.org\/CreativeWork\" ><div class='avia_textblock'  itemprop=\"text\" ><div class=\"av-special-heading av-6tseir-eabb9e8d643638dcde38fc60ce188a09 av-special-heading-h2 blockquote modern-quote avia-builder-el-89 el_before_av_textblock avia-builder-el-first \" style=\"text-align: justify;\">\n<h2 class=\"av-special-heading-tag\" style=\"text-align: center;\">Milyen feladatokat l\u00e1tnak el a rendszergazd\u00e1k?<\/h2>\n<\/div>\n<section class=\"av_textblock_section av-jutgud3p-aa4e6a0c5e7aada1264860c8e6a55a63\">\n<div class=\"avia_textblock\" style=\"text-align: center;\">\n<p style=\"text-align: justify;\">Az \u00fczemeltet\u00e9s rengeteg kisebb feladatb\u00f3l \u00e9p\u00fcl fel, \u00edgy sok mindenre oda kell figyelni, hogy a rendszerek megb\u00edzhat\u00f3an \u00e9s probl\u00e9mamentesen m\u0171k\u00f6djenek. A rendszergazd\u00e1k munk\u00e1ja a technika fejl\u0151d\u00e9s\u00e9vel egy\u00fctt v\u00e1ltozik \u00e9s alkalmazkodik a k\u00f6r\u00fclm\u00e9nyekhez. Ennek hat\u00e1s\u00e1ra a munka folyamatosan \u00faj, k\u00fcl\u00f6nf\u00e9le teend\u0151vel eg\u00e9sz\u00fcl ki.<\/p>\n<p style=\"text-align: justify;\">A rendszergazd\u00e1knak j\u00e1rtasak kell lenni\u00fck a szerverekkel, asztali sz\u00e1m\u00edt\u00f3g\u00e9pekkel, h\u00e1l\u00f3zatokkal, adatb\u00e1zisokkal \u00e9s inform\u00e1ci\u00f3biztons\u00e1gi rendszerekkel val\u00f3 munkav\u00e9gz\u00e9sben. Ismerni\u00fck kell az oper\u00e1ci\u00f3s rendszereket, mint p\u00e9ld\u00e1ul a Linux vagy Microsoft. A felh\u0151alap\u00fa sz\u00e1m\u00edt\u00e1stechnikai ismeretek is egyre ink\u00e1bb elengedhetetlenek a munk\u00e1hoz.<\/p>\n<p style=\"text-align: justify;\">A hibaelh\u00e1r\u00edt\u00e1s, a t\u0171zfalak kezel\u00e9s\u00e9nek \u00e9s a m\u0171szaki t\u00e1mogat\u00e1s ny\u00fajt\u00e1s\u00e1nak k\u00e9pess\u00e9ge azonban nem az egyetlen k\u00e9szs\u00e9g, amelyre a rendszergazd\u00e1knak sz\u00fcks\u00e9ge van. Az emberi k\u00e9szs\u00e9gek \u00e9pp\u00fagy sz\u00fcks\u00e9gesek a rendszergazd\u00e1k sz\u00e1m\u00e1ra, mint a technikai ismeretek, mivel sz\u00e1mos ter\u00fcleten \u00e9rintkeznek az emberekkel. Amikor az IT-szolg\u00e1ltat\u00e1sok lelassulnak vagy teljesen le\u00e1llnak, a rendszergazd\u00e1knak k\u00e9pesnek kell lenni\u00fck arra, hogy ak\u00e1r stresszhelyzetben, nyom\u00e1s alatt dolgozzanak, felm\u00e9rj\u00e9k a kialakult helyzetet, \u00e9s gyorsan, az \u00f6sszes felhaszn\u00e1l\u00f3 sz\u00e1m\u00e1ra a legjobb d\u00f6nt\u00e9st hozz\u00e1k meg.<\/p>\n<\/div>\n<\/section>\n<\/div><\/section><br \/>\n<section  class='av_textblock_section av-2b0ytv-d61306b90d592c8d6a8dcedc5fdf4438 '   itemscope=\"itemscope\" itemtype=\"https:\/\/schema.org\/CreativeWork\" ><div class='avia_textblock'  itemprop=\"text\" ><\/div><\/section><\/p><\/div>\n<div  class='flex_column av-5l7q4j-3bf1681b179595bdac2a1f453507e3c5 av_one_full  avia-builder-el-13  el_after_av_one_full  el_before_av_one_half  first flex_column_div  column-top-margin'     ><p><div  class='hr av-hbcsj-7487d774408fd155189335d235e63f31 hr-default  avia-builder-el-14  el_before_av_textblock  avia-builder-el-first '><span class='hr-inner '><span class=\"hr-inner-style\"><\/span><\/span><\/div><br \/>\n<section  class='av_textblock_section av-l8ocpujb-66e773927b2c18903caa262e67ef8e2f '   itemscope=\"itemscope\" itemtype=\"https:\/\/schema.org\/CreativeWork\" ><div class='avia_textblock'  itemprop=\"text\" ><div class=\"av-special-heading av-6tseir-eabb9e8d643638dcde38fc60ce188a09 av-special-heading-h2 blockquote modern-quote avia-builder-el-89 el_before_av_textblock avia-builder-el-first \" style=\"text-align: justify;\">\n<h2 class=\"av-special-heading-tag\" style=\"text-align: center;\">A DOIT informatikai \u00fczemeltet\u00e9si \u00e9s rendszergazdai szolg\u00e1ltat\u00e1sai k\u00f6z\u00fcl n\u00e9h\u00e1ny:<br \/>\nMilyen feladatokat l\u00e1tnak el a rendszergazd\u00e1k?<\/h2>\n<\/div>\n<section class=\"av_textblock_section av-jutgud3p-aa4e6a0c5e7aada1264860c8e6a55a63\">\n<div class=\"avia_textblock\" style=\"text-align: center;\">\n<h4 style=\"text-align: left;\">Monitoring<\/h4>\n<p style=\"text-align: justify;\">Az a folyamat, amelyben az IT-k\u00f6rnyezet hardvereinek \u00e9s szoftvereinek m\u0171k\u00f6d\u00e9s\u00e9re vonatkoz\u00f3 mutat\u00f3it gy\u0171jtj\u00fck annak \u00e9rdek\u00e9ben, hogy biztos\u00edthassuk az alkalmaz\u00e1sok \u00e9s szolg\u00e1ltat\u00e1sok optim\u00e1lis m\u0171k\u00f6d\u00e9s\u00e9t. A szolg\u00e1ltat\u00e1s prevent\u00edv hibakezel\u00e9st tesz lehet\u0151v\u00e9. Ha a fel\u00fcgyeleti rendszer\u00fcnk olyan v\u00e1ltoz\u00e1sokat \u00e9szlel, amely a sz\u00e1m\u00edt\u00f3g\u00e9p hib\u00e1j\u00e1ra utal, akkor riaszt minket, mi pedig \u2013 sz\u0171rve a t\u00e9nyleges hibat \u2013 a felhaszn\u00e1l\u00f3kat.<\/p>\n<h4 style=\"text-align: justify;\">Szerver \u00fczemeltet\u00e9s<\/h4>\n<p style=\"text-align: justify;\">Aag\u00e1ban foglalja az \u00f6sszes olyan megfigyel\u00e9st \u00e9s karbantart\u00e1st, amely az informatikai rendszerek megb\u00edzhat\u00f3 \u00e9s optim\u00e1lis m\u0171k\u00f6d\u00e9s\u00e9hez sz\u00fcks\u00e9ges. Napjainkban, egy j\u00f3l m\u0171k\u00f6d\u0151 szerver a v\u00e1llalkoz\u00e1sok \u00e9let\u00e9ben a napi munkav\u00e9gz\u00e9shez elengedhetetlen, ez\u00e9rt alap fel\u00e9tel, hogy az \u00fczemel\u00e9s megfelel\u0151en tervezett, fel\u00fcgyelt \u00e9s karbantartott legyen. A szerver \u00fczemeltet\u00e9s al\u00e1 tartoz\u00f3 szolg\u00e1ltat\u00e1sok mind a megel\u0151z\u0151 hibakezel\u00e9sre ir\u00e1nyulnak. A prevenci\u00f3 c\u00e9lja, hogy m\u00e9g azel\u0151tt \u00e9szlelj\u00fck \u00e9s lehet\u0151leg elh\u00e1r\u00edtsuk a hib\u00e1t, miel\u0151tt az megzavarn\u00e1 a felhaszn\u00e1l\u00f3k munk\u00e1j\u00e1t \u00e9s fennakad\u00e1st okozna.<\/p>\n<h4 style=\"text-align: justify;\">Rendszergazda szolg\u00e1ltat\u00e1s<\/h4>\n<p style=\"text-align: justify;\">Tartalmazza mindazokat a rendszer\u00fczemeltet\u00e9si feladatokat, amelyekkel biztos\u00edtani tudjuk egy c\u00e9g m\u0171k\u00f6d\u0151k\u00e9pes \u00e9s biztons\u00e1gos informatikai h\u00e1tter\u00e9t, bele\u00e9rtve a hardver- \u00e9s szoftvereszk\u00f6z\u00f6k kezel\u00e9s\u00e9t, hibaelh\u00e1r\u00edt\u00e1s\u00e1t, friss\u00edt\u00e9s\u00e9t, a szerverek \u00fczemeltet\u00e9s\u00e9t \u00e9s a felhaszn\u00e1l\u00f3k t\u00e1mogat\u00e1s\u00e1t is.<\/p>\n<h4 style=\"text-align: justify;\">Felhaszn\u00e1l\u00f3 t\u00e1mogat\u00e1s<\/h4>\n<p style=\"text-align: justify;\">A szolg\u00e1ltat\u00e1s keretein bel\u00fcl koll\u00e9g\u00e1ink az \u00fcgyfelek rendelkez\u00e9s\u00e9re \u00e1llnak, \u00e9s telefonos, t\u00e1voli el\u00e9r\u00e9ses vagy helysz\u00edni kisz\u00e1ll\u00e1s szolg\u00e1ltat\u00e1ssal seg\u00edtenek megoldani a felmer\u00fclt technikai probl\u00e9m\u00e1kat. \u00d6n csup\u00e1n felh\u00edvja c\u00e9g\u00fcnk k\u00f6zponti telefonsz\u00e1m\u00e1t, elmondja a probl\u00e9m\u00e1t, \u00e9s \u00e1tadja munkat\u00e1rsunknak a sz\u00e1m\u00edt\u00f3g\u00e9pe vez\u00e9rl\u00e9s\u00e9t p\u00e1r klikkel\u00e9ssel. Koll\u00e9g\u00e1ink d\u00edjcsomagt\u00f3l f\u00fcgg\u0151en ak\u00e1r 5 percen bel\u00fcl seg\u00edtenek t\u00e1voli asztal el\u00e9r\u00e9sen kereszt\u00fcl, sz\u00fcks\u00e9g eset\u00e9n pedig, egy el\u0151re egyeztetett id\u0151pontban, kisz\u00e1ll\u00e1ssal, azaz helysz\u00edni munk\u00e1val oldjuk meg a technikai probl\u00e9m\u00e1kat.<\/p>\n<h4 style=\"text-align: justify;\">Riportok a munk\u00e1nkr\u00f3l<\/h4>\n<p style=\"text-align: justify;\">A riportoknak k\u00f6sz\u00f6nhet\u0151en teljes \u00e1tl\u00e1that\u00f3s\u00e1got biztos\u00edtunk a munkamennyis\u00e9gek tekintet\u00e9ben. Automatiz\u00e1ltan tudunk riportot adni a nyitott \u00e9s megoldott feladatokr\u00f3l, havonta, hetente \u2013 vagy ak\u00e1r naponta is. A t\u00e9teles riportok lehet\u0151v\u00e9 teszik, hogy \u00d6n\u00f6k b\u00e1rmikor fel\u00fclvizsg\u00e1lj\u00e1k a szerz\u0151d\u00e9st, cs\u00f6kkents\u00e9k a d\u00edjakat, ak\u00e1r elutas\u00edts\u00e1k a sz\u00e1ml\u00e1t, ha valamely t\u00e9telt a meg\u00e1llapod\u00e1st\u00f3l elt\u00e9r\u0151nek l\u00e1tj\u00e1k. Ezt mi nyitottan fogadjuk, hiszen mi is t\u00e9vedhet\u00fcnk, ez\u00e9rt biztos\u00edtjuk az \u00e1tl\u00e1that\u00f3s\u00e1got.<\/p>\n<p style=\"text-align: justify;\">\n<\/div>\n<\/section>\n<\/div><\/section><br \/>\n<section  class='av_textblock_section av-1uvwmb-05992b3e11e6d2da17ea53c9b5b11793 '   itemscope=\"itemscope\" itemtype=\"https:\/\/schema.org\/CreativeWork\" ><div class='avia_textblock'  itemprop=\"text\" ><\/div><\/section><\/p><\/div><div  class='flex_column av-1vtzgz-aebcd20016076199f5598b76f25d9258 av_one_half  avia-builder-el-17  el_after_av_one_full  avia-builder-el-last  first flex_column_div  column-top-margin'     ><\/div><\/p>\n","protected":false},"excerpt":{"rendered":"","protected":false},"author":7,"featured_media":0,"parent":0,"menu_order":0,"comment_status":"closed","ping_status":"closed","template":"","meta":{"footnotes":""},"class_list":["post-3267","page","type-page","status-publish","hentry"],"yoast_head":"<!-- This site is optimized with the Yoast SEO plugin v27.4 - https:\/\/yoast.com\/product\/yoast-seo-wordpress\/ -->\n<title>Szolg\u00e1ltat\u00e1saink DevOps m\u0171k\u00f6d\u00e9s\u0171 szervezetekben | doit.hu<\/title>\n<meta name=\"description\" content=\"A DOIT linuxos szakmai csoportja DevOps feladatokat is v\u00e1llal. Olvassa el, mikor \u00e9rdemes minket v\u00e1lasztania c\u00e9g\u00e9nek!\" \/>\n<meta name=\"robots\" content=\"index, follow, max-snippet:-1, max-image-preview:large, max-video-preview:-1\" \/>\n<link rel=\"canonical\" href=\"https:\/\/www.doit.hu\/rendszergazda\/kik-a-rendszergazdak\/\" \/>\n<meta property=\"og:locale\" content=\"hu_HU\" \/>\n<meta property=\"og:type\" content=\"article\" \/>\n<meta property=\"og:title\" content=\"Szolg\u00e1ltat\u00e1saink DevOps m\u0171k\u00f6d\u00e9s\u0171 szervezetekben | doit.hu\" \/>\n<meta property=\"og:description\" content=\"A DOIT linuxos szakmai csoportja DevOps feladatokat is v\u00e1llal. Olvassa el, mikor \u00e9rdemes minket v\u00e1lasztania c\u00e9g\u00e9nek!\" \/>\n<meta property=\"og:url\" content=\"https:\/\/www.doit.hu\/rendszergazda\/kik-a-rendszergazdak\/\" \/>\n<meta property=\"og:site_name\" content=\"Rendszergazda szolg\u00e1ltat\u00e1s\" \/>\n<meta property=\"article:publisher\" content=\"https:\/\/www.facebook.com\/DoccaZrt\" \/>\n<meta property=\"article:modified_time\" content=\"2022-12-12T09:51:08+00:00\" \/>\n<meta name=\"twitter:card\" content=\"summary_large_image\" \/>\n<meta name=\"twitter:label1\" content=\"Becs\u00fclt olvas\u00e1si id\u0151\" \/>\n\t<meta name=\"twitter:data1\" content=\"7 perc\" \/>\n<script type=\"application\/ld+json\" class=\"yoast-schema-graph\">{\"@context\":\"https:\\\/\\\/schema.org\",\"@graph\":[{\"@type\":\"WebPage\",\"@id\":\"https:\\\/\\\/www.doit.hu\\\/rendszergazda\\\/kik-a-rendszergazdak\\\/\",\"url\":\"https:\\\/\\\/www.doit.hu\\\/rendszergazda\\\/kik-a-rendszergazdak\\\/\",\"name\":\"Szolg\u00e1ltat\u00e1saink DevOps m\u0171k\u00f6d\u00e9s\u0171 szervezetekben | doit.hu\",\"isPartOf\":{\"@id\":\"https:\\\/\\\/www.doit.hu\\\/rendszergazda\\\/#website\"},\"datePublished\":\"2022-12-12T09:49:51+00:00\",\"dateModified\":\"2022-12-12T09:51:08+00:00\",\"description\":\"A DOIT linuxos szakmai csoportja DevOps feladatokat is v\u00e1llal. Olvassa el, mikor \u00e9rdemes minket v\u00e1lasztania c\u00e9g\u00e9nek!\",\"breadcrumb\":{\"@id\":\"https:\\\/\\\/www.doit.hu\\\/rendszergazda\\\/kik-a-rendszergazdak\\\/#breadcrumb\"},\"inLanguage\":\"hu\",\"potentialAction\":[{\"@type\":\"ReadAction\",\"target\":[\"https:\\\/\\\/www.doit.hu\\\/rendszergazda\\\/kik-a-rendszergazdak\\\/\"]}]},{\"@type\":\"BreadcrumbList\",\"@id\":\"https:\\\/\\\/www.doit.hu\\\/rendszergazda\\\/kik-a-rendszergazdak\\\/#breadcrumb\",\"itemListElement\":[{\"@type\":\"ListItem\",\"position\":1,\"name\":\"Home\",\"item\":\"https:\\\/\\\/www.doit.hu\\\/rendszergazda\\\/fooldal-flexi\\\/\"},{\"@type\":\"ListItem\",\"position\":2,\"name\":\"Rendszergazda szolg\u00e1ltat\u00e1s\"}]},{\"@type\":\"WebSite\",\"@id\":\"https:\\\/\\\/www.doit.hu\\\/rendszergazda\\\/#website\",\"url\":\"https:\\\/\\\/www.doit.hu\\\/rendszergazda\\\/\",\"name\":\"Rendszergazda szolg\u00e1ltat\u00e1s\",\"description\":\"\",\"publisher\":{\"@id\":\"https:\\\/\\\/www.doit.hu\\\/rendszergazda\\\/#organization\"},\"potentialAction\":[{\"@type\":\"SearchAction\",\"target\":{\"@type\":\"EntryPoint\",\"urlTemplate\":\"https:\\\/\\\/www.doit.hu\\\/rendszergazda\\\/?s={search_term_string}\"},\"query-input\":{\"@type\":\"PropertyValueSpecification\",\"valueRequired\":true,\"valueName\":\"search_term_string\"}}],\"inLanguage\":\"hu\"},{\"@type\":\"Organization\",\"@id\":\"https:\\\/\\\/www.doit.hu\\\/rendszergazda\\\/#organization\",\"name\":\"DOCCA Zrt.\",\"url\":\"https:\\\/\\\/www.doit.hu\\\/rendszergazda\\\/\",\"logo\":{\"@type\":\"ImageObject\",\"inLanguage\":\"hu\",\"@id\":\"https:\\\/\\\/www.doit.hu\\\/rendszergazda\\\/#\\\/schema\\\/logo\\\/image\\\/\",\"url\":\"https:\\\/\\\/www.doit.hu\\\/rendszergazda\\\/wp-content\\\/uploads\\\/2019\\\/04\\\/logo.png\",\"contentUrl\":\"https:\\\/\\\/www.doit.hu\\\/rendszergazda\\\/wp-content\\\/uploads\\\/2019\\\/04\\\/logo.png\",\"width\":263,\"height\":82,\"caption\":\"DOCCA Zrt.\"},\"image\":{\"@id\":\"https:\\\/\\\/www.doit.hu\\\/rendszergazda\\\/#\\\/schema\\\/logo\\\/image\\\/\"},\"sameAs\":[\"https:\\\/\\\/www.facebook.com\\\/DoccaZrt\"]}]}<\/script>\n<!-- \/ Yoast SEO plugin. -->","yoast_head_json":{"title":"Szolg\u00e1ltat\u00e1saink DevOps m\u0171k\u00f6d\u00e9s\u0171 szervezetekben | doit.hu","description":"A DOIT linuxos szakmai csoportja DevOps feladatokat is v\u00e1llal. Olvassa el, mikor \u00e9rdemes minket v\u00e1lasztania c\u00e9g\u00e9nek!","robots":{"index":"index","follow":"follow","max-snippet":"max-snippet:-1","max-image-preview":"max-image-preview:large","max-video-preview":"max-video-preview:-1"},"canonical":"https:\/\/www.doit.hu\/rendszergazda\/kik-a-rendszergazdak\/","og_locale":"hu_HU","og_type":"article","og_title":"Szolg\u00e1ltat\u00e1saink DevOps m\u0171k\u00f6d\u00e9s\u0171 szervezetekben | doit.hu","og_description":"A DOIT linuxos szakmai csoportja DevOps feladatokat is v\u00e1llal. Olvassa el, mikor \u00e9rdemes minket v\u00e1lasztania c\u00e9g\u00e9nek!","og_url":"https:\/\/www.doit.hu\/rendszergazda\/kik-a-rendszergazdak\/","og_site_name":"Rendszergazda szolg\u00e1ltat\u00e1s","article_publisher":"https:\/\/www.facebook.com\/DoccaZrt","article_modified_time":"2022-12-12T09:51:08+00:00","twitter_card":"summary_large_image","twitter_misc":{"Becs\u00fclt olvas\u00e1si id\u0151":"7 perc"},"schema":{"@context":"https:\/\/schema.org","@graph":[{"@type":"WebPage","@id":"https:\/\/www.doit.hu\/rendszergazda\/kik-a-rendszergazdak\/","url":"https:\/\/www.doit.hu\/rendszergazda\/kik-a-rendszergazdak\/","name":"Szolg\u00e1ltat\u00e1saink DevOps m\u0171k\u00f6d\u00e9s\u0171 szervezetekben | doit.hu","isPartOf":{"@id":"https:\/\/www.doit.hu\/rendszergazda\/#website"},"datePublished":"2022-12-12T09:49:51+00:00","dateModified":"2022-12-12T09:51:08+00:00","description":"A DOIT linuxos szakmai csoportja DevOps feladatokat is v\u00e1llal. Olvassa el, mikor \u00e9rdemes minket v\u00e1lasztania c\u00e9g\u00e9nek!","breadcrumb":{"@id":"https:\/\/www.doit.hu\/rendszergazda\/kik-a-rendszergazdak\/#breadcrumb"},"inLanguage":"hu","potentialAction":[{"@type":"ReadAction","target":["https:\/\/www.doit.hu\/rendszergazda\/kik-a-rendszergazdak\/"]}]},{"@type":"BreadcrumbList","@id":"https:\/\/www.doit.hu\/rendszergazda\/kik-a-rendszergazdak\/#breadcrumb","itemListElement":[{"@type":"ListItem","position":1,"name":"Home","item":"https:\/\/www.doit.hu\/rendszergazda\/fooldal-flexi\/"},{"@type":"ListItem","position":2,"name":"Rendszergazda szolg\u00e1ltat\u00e1s"}]},{"@type":"WebSite","@id":"https:\/\/www.doit.hu\/rendszergazda\/#website","url":"https:\/\/www.doit.hu\/rendszergazda\/","name":"Rendszergazda szolg\u00e1ltat\u00e1s","description":"","publisher":{"@id":"https:\/\/www.doit.hu\/rendszergazda\/#organization"},"potentialAction":[{"@type":"SearchAction","target":{"@type":"EntryPoint","urlTemplate":"https:\/\/www.doit.hu\/rendszergazda\/?s={search_term_string}"},"query-input":{"@type":"PropertyValueSpecification","valueRequired":true,"valueName":"search_term_string"}}],"inLanguage":"hu"},{"@type":"Organization","@id":"https:\/\/www.doit.hu\/rendszergazda\/#organization","name":"DOCCA Zrt.","url":"https:\/\/www.doit.hu\/rendszergazda\/","logo":{"@type":"ImageObject","inLanguage":"hu","@id":"https:\/\/www.doit.hu\/rendszergazda\/#\/schema\/logo\/image\/","url":"https:\/\/www.doit.hu\/rendszergazda\/wp-content\/uploads\/2019\/04\/logo.png","contentUrl":"https:\/\/www.doit.hu\/rendszergazda\/wp-content\/uploads\/2019\/04\/logo.png","width":263,"height":82,"caption":"DOCCA Zrt."},"image":{"@id":"https:\/\/www.doit.hu\/rendszergazda\/#\/schema\/logo\/image\/"},"sameAs":["https:\/\/www.facebook.com\/DoccaZrt"]}]}},"_links":{"self":[{"href":"https:\/\/www.doit.hu\/rendszergazda\/wp-json\/wp\/v2\/pages\/3267","targetHints":{"allow":["GET"]}}],"collection":[{"href":"https:\/\/www.doit.hu\/rendszergazda\/wp-json\/wp\/v2\/pages"}],"about":[{"href":"https:\/\/www.doit.hu\/rendszergazda\/wp-json\/wp\/v2\/types\/page"}],"author":[{"embeddable":true,"href":"https:\/\/www.doit.hu\/rendszergazda\/wp-json\/wp\/v2\/users\/7"}],"replies":[{"embeddable":true,"href":"https:\/\/www.doit.hu\/rendszergazda\/wp-json\/wp\/v2\/comments?post=3267"}],"version-history":[{"count":5,"href":"https:\/\/www.doit.hu\/rendszergazda\/wp-json\/wp\/v2\/pages\/3267\/revisions"}],"predecessor-version":[{"id":4552,"href":"https:\/\/www.doit.hu\/rendszergazda\/wp-json\/wp\/v2\/pages\/3267\/revisions\/4552"}],"wp:attachment":[{"href":"https:\/\/www.doit.hu\/rendszergazda\/wp-json\/wp\/v2\/media?parent=3267"}],"curies":[{"name":"wp","href":"https:\/\/api.w.org\/{rel}","templated":true}]}}