{"id":1123,"date":"2019-04-23T06:15:26","date_gmt":"2019-04-23T06:15:26","guid":{"rendered":"http:\/\/www.doit.hu\/rendszergazda\/?page_id=1123"},"modified":"2024-09-18T07:29:05","modified_gmt":"2024-09-18T07:29:05","slug":"allasok","status":"publish","type":"page","link":"https:\/\/www.doit.hu\/rendszergazda\/allasok\/","title":{"rendered":"\u00c1ll\u00e1sok"},"content":{"rendered":"<div id='av_section_1'  class='avia-section av-4ugvz7-8d6b267d49f22d204742442cd1d2f180 main_color avia-section-default avia-no-border-styling  avia-builder-el-0  avia-builder-el-no-sibling  avia-bg-style-scroll container_wrap sidebar_right'  ><div class='container av-section-cont-open' ><main  role=\"main\" itemprop=\"mainContentOfPage\"  class='template-page content  av-content-small alpha units'><div class='post-entry post-entry-type-page post-entry-1123'><div class='entry-content-wrapper clearfix'>\n\n<style type=\"text\/css\" data-created_by=\"avia_inline_auto\" id=\"style-css-av-2qkz7n-034e6966bc543b3be6b6ac76e2cc56c0\">\n.flex_column.av-2qkz7n-034e6966bc543b3be6b6ac76e2cc56c0{\nborder-radius:0px 0px 0px 0px;\npadding:0px 0px 0px 0px;\n}\n<\/style>\n<div  class='flex_column av-2qkz7n-034e6966bc543b3be6b6ac76e2cc56c0 av_one_full  avia-builder-el-1  avia-builder-el-no-sibling  first flex_column_div av-zero-column-padding  '     ><div  class='av-alb-blogposts template-blog  av_force_fullwidth '  itemscope=\"itemscope\" itemtype=\"https:\/\/schema.org\/Blog\" >\t<article class=\"entry\">\n\t\t<header class=\"entry-content-header\" aria-label=\"No Posts Found\" >\n<h1 class='post-title entry-title '>Nincs tal\u00e1lat<\/h1>\t\t<\/header>\n\n\t\t<p class=\"entry-content\"  itemprop=\"text\" >Eln\u00e9z\u00e9st, de nincs a relev\u00e1ns tal\u00e1lat.<\/p>\n\n\t\t<footer class=\"entry-footer\"><\/footer>\n\t<\/article>\n\n<div class='bloglist-excerpt'><\/div><\/div><\/div><\/div><\/div><\/main><!-- close content main element --><\/div><\/div><div id='after_section_1'  class='main_color av_default_container_wrap container_wrap sidebar_right'  ><div class='container av-section-cont-open' ><div class='template-page content  av-content-small alpha units'><div class='post-entry post-entry-type-page post-entry-1123'><div class='entry-content-wrapper clearfix'>\n","protected":false},"excerpt":{"rendered":"","protected":false},"author":7,"featured_media":0,"parent":0,"menu_order":0,"comment_status":"closed","ping_status":"closed","template":"","meta":{"footnotes":""},"class_list":["post-1123","page","type-page","status-publish","hentry"],"yoast_head":"<!-- This site is optimized with the Yoast SEO plugin v27.4 - https:\/\/yoast.com\/product\/yoast-seo-wordpress\/ -->\n<title>\u00c1ll\u00e1sok | H\u00e1l\u00f3zati eszk\u00f6z \u00e9s Mac \u00fczemeltet\u0151 | doit.hu<\/title>\n<meta name=\"description\" content=\"B\u00f6ng\u00e9ssze \u00e1t \u00e1ll\u00e1saj\u00e1nlatainkat, ha \u00e9rdekli a rendszergazda szolg\u00e1ltat\u00e1s, IT \u00fczemeltet\u00e9s, felhaszn\u00e1l\u00f3 t\u00e1mogat\u00e1s, szerver\u00fczemeltet\u00e9s.\" \/>\n<meta name=\"robots\" content=\"index, follow, max-snippet:-1, max-image-preview:large, max-video-preview:-1\" \/>\n<link rel=\"canonical\" href=\"https:\/\/www.doit.hu\/rendszergazda\/allasok\/\" \/>\n<meta property=\"og:locale\" content=\"hu_HU\" \/>\n<meta property=\"og:type\" content=\"article\" \/>\n<meta property=\"og:title\" content=\"\u00c1ll\u00e1sok | H\u00e1l\u00f3zati eszk\u00f6z \u00e9s Mac \u00fczemeltet\u0151 | doit.hu\" \/>\n<meta property=\"og:description\" content=\"B\u00f6ng\u00e9ssze \u00e1t \u00e1ll\u00e1saj\u00e1nlatainkat, ha \u00e9rdekli a rendszergazda szolg\u00e1ltat\u00e1s, IT \u00fczemeltet\u00e9s, felhaszn\u00e1l\u00f3 t\u00e1mogat\u00e1s, szerver\u00fczemeltet\u00e9s.\" \/>\n<meta property=\"og:url\" content=\"https:\/\/www.doit.hu\/rendszergazda\/allasok\/\" \/>\n<meta property=\"og:site_name\" content=\"Rendszergazda szolg\u00e1ltat\u00e1s\" \/>\n<meta property=\"article:publisher\" content=\"https:\/\/www.facebook.com\/DoccaZrt\" \/>\n<meta property=\"article:modified_time\" content=\"2024-09-18T07:29:05+00:00\" \/>\n<meta name=\"twitter:card\" content=\"summary_large_image\" \/>\n<meta name=\"twitter:label1\" content=\"Becs\u00fclt olvas\u00e1si id\u0151\" \/>\n\t<meta name=\"twitter:data1\" content=\"1 perc\" \/>\n<script type=\"application\/ld+json\" class=\"yoast-schema-graph\">{\"@context\":\"https:\\\/\\\/schema.org\",\"@graph\":[{\"@type\":\"WebPage\",\"@id\":\"https:\\\/\\\/www.doit.hu\\\/rendszergazda\\\/allasok\\\/\",\"url\":\"https:\\\/\\\/www.doit.hu\\\/rendszergazda\\\/allasok\\\/\",\"name\":\"\u00c1ll\u00e1sok | H\u00e1l\u00f3zati eszk\u00f6z \u00e9s Mac \u00fczemeltet\u0151 | doit.hu\",\"isPartOf\":{\"@id\":\"https:\\\/\\\/www.doit.hu\\\/rendszergazda\\\/#website\"},\"datePublished\":\"2019-04-23T06:15:26+00:00\",\"dateModified\":\"2024-09-18T07:29:05+00:00\",\"description\":\"B\u00f6ng\u00e9ssze \u00e1t \u00e1ll\u00e1saj\u00e1nlatainkat, ha \u00e9rdekli a rendszergazda szolg\u00e1ltat\u00e1s, IT \u00fczemeltet\u00e9s, felhaszn\u00e1l\u00f3 t\u00e1mogat\u00e1s, szerver\u00fczemeltet\u00e9s.\",\"breadcrumb\":{\"@id\":\"https:\\\/\\\/www.doit.hu\\\/rendszergazda\\\/allasok\\\/#breadcrumb\"},\"inLanguage\":\"hu\",\"potentialAction\":[{\"@type\":\"ReadAction\",\"target\":[\"https:\\\/\\\/www.doit.hu\\\/rendszergazda\\\/allasok\\\/\"]}]},{\"@type\":\"BreadcrumbList\",\"@id\":\"https:\\\/\\\/www.doit.hu\\\/rendszergazda\\\/allasok\\\/#breadcrumb\",\"itemListElement\":[{\"@type\":\"ListItem\",\"position\":1,\"name\":\"Home\",\"item\":\"https:\\\/\\\/www.doit.hu\\\/rendszergazda\\\/fooldal-flexi\\\/\"},{\"@type\":\"ListItem\",\"position\":2,\"name\":\"\u00c1ll\u00e1sok\"}]},{\"@type\":\"WebSite\",\"@id\":\"https:\\\/\\\/www.doit.hu\\\/rendszergazda\\\/#website\",\"url\":\"https:\\\/\\\/www.doit.hu\\\/rendszergazda\\\/\",\"name\":\"Rendszergazda szolg\u00e1ltat\u00e1s\",\"description\":\"\",\"publisher\":{\"@id\":\"https:\\\/\\\/www.doit.hu\\\/rendszergazda\\\/#organization\"},\"potentialAction\":[{\"@type\":\"SearchAction\",\"target\":{\"@type\":\"EntryPoint\",\"urlTemplate\":\"https:\\\/\\\/www.doit.hu\\\/rendszergazda\\\/?s={search_term_string}\"},\"query-input\":{\"@type\":\"PropertyValueSpecification\",\"valueRequired\":true,\"valueName\":\"search_term_string\"}}],\"inLanguage\":\"hu\"},{\"@type\":\"Organization\",\"@id\":\"https:\\\/\\\/www.doit.hu\\\/rendszergazda\\\/#organization\",\"name\":\"DOCCA Zrt.\",\"url\":\"https:\\\/\\\/www.doit.hu\\\/rendszergazda\\\/\",\"logo\":{\"@type\":\"ImageObject\",\"inLanguage\":\"hu\",\"@id\":\"https:\\\/\\\/www.doit.hu\\\/rendszergazda\\\/#\\\/schema\\\/logo\\\/image\\\/\",\"url\":\"https:\\\/\\\/www.doit.hu\\\/rendszergazda\\\/wp-content\\\/uploads\\\/2019\\\/04\\\/logo.png\",\"contentUrl\":\"https:\\\/\\\/www.doit.hu\\\/rendszergazda\\\/wp-content\\\/uploads\\\/2019\\\/04\\\/logo.png\",\"width\":263,\"height\":82,\"caption\":\"DOCCA Zrt.\"},\"image\":{\"@id\":\"https:\\\/\\\/www.doit.hu\\\/rendszergazda\\\/#\\\/schema\\\/logo\\\/image\\\/\"},\"sameAs\":[\"https:\\\/\\\/www.facebook.com\\\/DoccaZrt\"]}]}<\/script>\n<!-- \/ Yoast SEO plugin. -->","yoast_head_json":{"title":"\u00c1ll\u00e1sok | H\u00e1l\u00f3zati eszk\u00f6z \u00e9s Mac \u00fczemeltet\u0151 | doit.hu","description":"B\u00f6ng\u00e9ssze \u00e1t \u00e1ll\u00e1saj\u00e1nlatainkat, ha \u00e9rdekli a rendszergazda szolg\u00e1ltat\u00e1s, IT \u00fczemeltet\u00e9s, felhaszn\u00e1l\u00f3 t\u00e1mogat\u00e1s, szerver\u00fczemeltet\u00e9s.","robots":{"index":"index","follow":"follow","max-snippet":"max-snippet:-1","max-image-preview":"max-image-preview:large","max-video-preview":"max-video-preview:-1"},"canonical":"https:\/\/www.doit.hu\/rendszergazda\/allasok\/","og_locale":"hu_HU","og_type":"article","og_title":"\u00c1ll\u00e1sok | H\u00e1l\u00f3zati eszk\u00f6z \u00e9s Mac \u00fczemeltet\u0151 | doit.hu","og_description":"B\u00f6ng\u00e9ssze \u00e1t \u00e1ll\u00e1saj\u00e1nlatainkat, ha \u00e9rdekli a rendszergazda szolg\u00e1ltat\u00e1s, IT \u00fczemeltet\u00e9s, felhaszn\u00e1l\u00f3 t\u00e1mogat\u00e1s, szerver\u00fczemeltet\u00e9s.","og_url":"https:\/\/www.doit.hu\/rendszergazda\/allasok\/","og_site_name":"Rendszergazda szolg\u00e1ltat\u00e1s","article_publisher":"https:\/\/www.facebook.com\/DoccaZrt","article_modified_time":"2024-09-18T07:29:05+00:00","twitter_card":"summary_large_image","twitter_misc":{"Becs\u00fclt olvas\u00e1si id\u0151":"1 perc"},"schema":{"@context":"https:\/\/schema.org","@graph":[{"@type":"WebPage","@id":"https:\/\/www.doit.hu\/rendszergazda\/allasok\/","url":"https:\/\/www.doit.hu\/rendszergazda\/allasok\/","name":"\u00c1ll\u00e1sok | H\u00e1l\u00f3zati eszk\u00f6z \u00e9s Mac \u00fczemeltet\u0151 | doit.hu","isPartOf":{"@id":"https:\/\/www.doit.hu\/rendszergazda\/#website"},"datePublished":"2019-04-23T06:15:26+00:00","dateModified":"2024-09-18T07:29:05+00:00","description":"B\u00f6ng\u00e9ssze \u00e1t \u00e1ll\u00e1saj\u00e1nlatainkat, ha \u00e9rdekli a rendszergazda szolg\u00e1ltat\u00e1s, IT \u00fczemeltet\u00e9s, felhaszn\u00e1l\u00f3 t\u00e1mogat\u00e1s, szerver\u00fczemeltet\u00e9s.","breadcrumb":{"@id":"https:\/\/www.doit.hu\/rendszergazda\/allasok\/#breadcrumb"},"inLanguage":"hu","potentialAction":[{"@type":"ReadAction","target":["https:\/\/www.doit.hu\/rendszergazda\/allasok\/"]}]},{"@type":"BreadcrumbList","@id":"https:\/\/www.doit.hu\/rendszergazda\/allasok\/#breadcrumb","itemListElement":[{"@type":"ListItem","position":1,"name":"Home","item":"https:\/\/www.doit.hu\/rendszergazda\/fooldal-flexi\/"},{"@type":"ListItem","position":2,"name":"\u00c1ll\u00e1sok"}]},{"@type":"WebSite","@id":"https:\/\/www.doit.hu\/rendszergazda\/#website","url":"https:\/\/www.doit.hu\/rendszergazda\/","name":"Rendszergazda szolg\u00e1ltat\u00e1s","description":"","publisher":{"@id":"https:\/\/www.doit.hu\/rendszergazda\/#organization"},"potentialAction":[{"@type":"SearchAction","target":{"@type":"EntryPoint","urlTemplate":"https:\/\/www.doit.hu\/rendszergazda\/?s={search_term_string}"},"query-input":{"@type":"PropertyValueSpecification","valueRequired":true,"valueName":"search_term_string"}}],"inLanguage":"hu"},{"@type":"Organization","@id":"https:\/\/www.doit.hu\/rendszergazda\/#organization","name":"DOCCA Zrt.","url":"https:\/\/www.doit.hu\/rendszergazda\/","logo":{"@type":"ImageObject","inLanguage":"hu","@id":"https:\/\/www.doit.hu\/rendszergazda\/#\/schema\/logo\/image\/","url":"https:\/\/www.doit.hu\/rendszergazda\/wp-content\/uploads\/2019\/04\/logo.png","contentUrl":"https:\/\/www.doit.hu\/rendszergazda\/wp-content\/uploads\/2019\/04\/logo.png","width":263,"height":82,"caption":"DOCCA Zrt."},"image":{"@id":"https:\/\/www.doit.hu\/rendszergazda\/#\/schema\/logo\/image\/"},"sameAs":["https:\/\/www.facebook.com\/DoccaZrt"]}]}},"_links":{"self":[{"href":"https:\/\/www.doit.hu\/rendszergazda\/wp-json\/wp\/v2\/pages\/1123","targetHints":{"allow":["GET"]}}],"collection":[{"href":"https:\/\/www.doit.hu\/rendszergazda\/wp-json\/wp\/v2\/pages"}],"about":[{"href":"https:\/\/www.doit.hu\/rendszergazda\/wp-json\/wp\/v2\/types\/page"}],"author":[{"embeddable":true,"href":"https:\/\/www.doit.hu\/rendszergazda\/wp-json\/wp\/v2\/users\/7"}],"replies":[{"embeddable":true,"href":"https:\/\/www.doit.hu\/rendszergazda\/wp-json\/wp\/v2\/comments?post=1123"}],"version-history":[{"count":5,"href":"https:\/\/www.doit.hu\/rendszergazda\/wp-json\/wp\/v2\/pages\/1123\/revisions"}],"predecessor-version":[{"id":4567,"href":"https:\/\/www.doit.hu\/rendszergazda\/wp-json\/wp\/v2\/pages\/1123\/revisions\/4567"}],"wp:attachment":[{"href":"https:\/\/www.doit.hu\/rendszergazda\/wp-json\/wp\/v2\/media?parent=1123"}],"curies":[{"name":"wp","href":"https:\/\/api.w.org\/{rel}","templated":true}]}}