{"id":1121,"date":"2019-04-23T06:15:16","date_gmt":"2019-04-23T06:15:16","guid":{"rendered":"http:\/\/www.doit.hu\/rendszergazda\/?page_id=1121"},"modified":"2025-10-08T10:41:27","modified_gmt":"2025-10-08T10:41:27","slug":"ajanlatkeres","status":"publish","type":"page","link":"https:\/\/www.doit.hu\/rendszergazda\/ajanlatkeres\/","title":{"rendered":"Kapcsolat"},"content":{"rendered":"\n<style type=\"text\/css\" data-created_by=\"avia_inline_auto\" id=\"style-css-av-juv01xyx-ff1289014a10f828d8778a0699d97f65\">\n.avia-section.av-juv01xyx-ff1289014a10f828d8778a0699d97f65{\nbackground-color:#cddbeb;\nbackground-image:url(https:\/\/www.doit.hu\/rendszergazda\/wp-content\/uploads\/2020\/02\/ballpen-blur-close-up-computer-461077-1500x1000.jpg);\nbackground-repeat:no-repeat;\nbackground-position:50% 50%;\nbackground-attachment:scroll;\n}\n.avia-section.av-juv01xyx-ff1289014a10f828d8778a0699d97f65 .av-section-color-overlay{\nopacity:0.5;\nbackground-color:#1e3f6f;\n}\n<\/style>\n<div id='av_section_1'  class='avia-section av-juv01xyx-ff1289014a10f828d8778a0699d97f65 main_color avia-section-small avia-no-border-styling  avia-builder-el-0  el_before_av_section  avia-builder-el-first  av-medium-hide av-small-hide av-mini-hide avia-full-stretch avia-bg-style-scroll av-section-color-overlay-active av-minimum-height av-minimum-height-custom av-height-custom  container_wrap sidebar_right'  data-section-bg-repeat='stretch' data-av_minimum_height_px='250'><div class=\"av-section-color-overlay-wrap\"><div class=\"av-section-color-overlay\"><\/div><div class='container av-section-cont-open' style='height:250px'><main  role=\"main\" itemprop=\"mainContentOfPage\"  class='template-page content  av-content-small alpha units'><div class='post-entry post-entry-type-page post-entry-1121'><div class='entry-content-wrapper clearfix'>\n\n<style type=\"text\/css\" data-created_by=\"avia_inline_auto\" id=\"style-css-av-2ps1j9-094c43f59dbe8dfc7f494562fea21f98\">\n.flex_column.av-2ps1j9-094c43f59dbe8dfc7f494562fea21f98{\nborder-radius:0px 0px 0px 0px;\npadding:30px 0px 25px 0px;\n}\n<\/style>\n<div  class='flex_column av-2ps1j9-094c43f59dbe8dfc7f494562fea21f98 av_one_full  avia-builder-el-1  avia-builder-el-no-sibling  first flex_column_div  '     ><style type=\"text\/css\" data-created_by=\"avia_inline_auto\" id=\"style-css-av-mc0hepio-ebf53ec99eea0b2af2146adb9fa82d07\">\n#top .av-special-heading.av-mc0hepio-ebf53ec99eea0b2af2146adb9fa82d07{\npadding-bottom:10px;\ncolor:#ffffff;\n}\nbody .av-special-heading.av-mc0hepio-ebf53ec99eea0b2af2146adb9fa82d07 .av-special-heading-tag .heading-char{\nfont-size:25px;\n}\n.av-special-heading.av-mc0hepio-ebf53ec99eea0b2af2146adb9fa82d07 .special-heading-inner-border{\nborder-color:#ffffff;\n}\n.av-special-heading.av-mc0hepio-ebf53ec99eea0b2af2146adb9fa82d07 .av-subheading{\nfont-size:15px;\n}\n<\/style>\n<div  class='av-special-heading av-mc0hepio-ebf53ec99eea0b2af2146adb9fa82d07 av-special-heading-h1 custom-color-heading blockquote modern-quote modern-centered  avia-builder-el-2  avia-builder-el-no-sibling '><h1 class='av-special-heading-tag '  itemprop=\"headline\"  >Ha k\u00e9rd\u00e9se van, v\u00e1rjuk h\u00edv\u00e1s\u00e1t, emailj\u00e9t!<\/h1><div class=\"special-heading-border\"><div class=\"special-heading-inner-border\"><\/div><\/div><\/div><\/div>\n\n<\/div><\/div><\/main><!-- close content main element --><\/div><\/div><\/div>\n<style type=\"text\/css\" data-created_by=\"avia_inline_auto\" id=\"style-css-av-juv09hcv-92d30de629656acaefddfdd91ae6ee21\">\n.avia-section.av-juv09hcv-92d30de629656acaefddfdd91ae6ee21{\nbackground-color:#1e3f6f;\nbackground-image:unset;\n}\n<\/style>\n<div id='av_section_2'  class='avia-section av-juv09hcv-92d30de629656acaefddfdd91ae6ee21 main_color avia-section-small avia-no-border-styling  avia-builder-el-3  el_after_av_section  el_before_av_section  av-desktop-hide avia-bg-style-scroll container_wrap sidebar_right'  ><div class='container av-section-cont-open' ><div class='template-page content  av-content-small alpha units'><div class='post-entry post-entry-type-page post-entry-1121'><div class='entry-content-wrapper clearfix'>\n\n<style type=\"text\/css\" data-created_by=\"avia_inline_auto\" id=\"style-css-av-1xsvth-fa2f76933f94cf7233a6d4d256fc2c77\">\n.flex_column.av-1xsvth-fa2f76933f94cf7233a6d4d256fc2c77{\nborder-radius:0px 0px 0px 0px;\npadding:0px 0px 0px 0px;\n}\n<\/style>\n<div  class='flex_column av-1xsvth-fa2f76933f94cf7233a6d4d256fc2c77 av_one_full  avia-builder-el-4  avia-builder-el-no-sibling  first flex_column_div av-zero-column-padding  '     ><style type=\"text\/css\" data-created_by=\"avia_inline_auto\" id=\"style-css-av-juv02uk5-26f96875e78b5fcd589d02fd33105ca4\">\n#top .av_textblock_section.av-juv02uk5-26f96875e78b5fcd589d02fd33105ca4 .avia_textblock{\nfont-size:16px;\ncolor:#ffffff;\n}\n<\/style>\n<section  class='av_textblock_section av-juv02uk5-26f96875e78b5fcd589d02fd33105ca4 '   itemscope=\"itemscope\" itemtype=\"https:\/\/schema.org\/CreativeWork\" ><div class='avia_textblock av_inherit_color'  itemprop=\"text\" ><h2 style=\"text-align: center;\">Ha k\u00e9rd\u00e9se van,<br \/>\nv\u00e1rjuk h\u00edv\u00e1s\u00e1t, emailj\u00e9t!<\/h2>\n<\/div><\/section><\/div>\n\n<\/div><\/div><\/div><!-- close content main div --><\/div><\/div><div id='av_section_3'  class='avia-section av-g0bmg1-9fda79a47df136f2214d14cf581eb0d2 main_color avia-section-no-padding avia-no-border-styling  avia-builder-el-6  el_after_av_section  el_before_av_section  avia-bg-style-scroll container_wrap sidebar_right'  ><div class='container av-section-cont-open' ><div class='template-page content  av-content-small alpha units'><div class='post-entry post-entry-type-page post-entry-1121'><div class='entry-content-wrapper clearfix'>\n\n<style type=\"text\/css\" data-created_by=\"avia_inline_auto\" id=\"style-css-av-dzqgdd-a03fc4a30473dfc4452d08f6145e33e4\">\n.flex_column.av-dzqgdd-a03fc4a30473dfc4452d08f6145e33e4{\nborder-radius:0px 0px 0px 0px;\npadding:0px 0px 0px 0px;\n}\n<\/style>\n<div  class='flex_column av-dzqgdd-a03fc4a30473dfc4452d08f6145e33e4 av_one_full  avia-builder-el-7  el_before_av_one_half  avia-builder-el-first  first flex_column_div av-zero-column-padding  '     ><p>\n<style type=\"text\/css\" data-created_by=\"avia_inline_auto\" id=\"style-css-av-k9mjvwxi-1ab7895d8f8e3e442f43a5f42fc912a6\">\n#top .hr.hr-invisible.av-k9mjvwxi-1ab7895d8f8e3e442f43a5f42fc912a6{\nheight:30px;\n}\n<\/style>\n<div  class='hr av-k9mjvwxi-1ab7895d8f8e3e442f43a5f42fc912a6 hr-invisible  avia-builder-el-8  el_before_av_textblock  avia-builder-el-first '><span class='hr-inner '><span class=\"hr-inner-style\"><\/span><\/span><\/div><br \/>\n\n<style type=\"text\/css\" data-created_by=\"avia_inline_auto\" id=\"style-css-av-juwjug2j-dbd6129d97bfa272fb87304a0d4e58ae\">\n#top .av_textblock_section.av-juwjug2j-dbd6129d97bfa272fb87304a0d4e58ae .avia_textblock{\nfont-size:16px;\n}\n<\/style>\n<section  class='av_textblock_section av-juwjug2j-dbd6129d97bfa272fb87304a0d4e58ae '   itemscope=\"itemscope\" itemtype=\"https:\/\/schema.org\/CreativeWork\" ><div class='avia_textblock'  itemprop=\"text\" ><p style=\"text-align: center;\">Az al\u00e1bbi \u0171rlap kit\u00f6lt\u00e9s\u00e9vel k\u00f6nnyen \u00e9s k\u00e9nyelmesen k\u00e9rhet \u00e1raj\u00e1nlatot t\u0151l\u00fcnk. Koll\u00e9g\u00e1ink munkaid\u0151ben (9:00-18:00) 5-35 percen bel\u00fcl felveszik \u00d6nnel a kapcsolatot, \u00e9s v\u00e1laszolnak a rendszer\u00fczemeltet\u00e9si, rendszergazdai szolg\u00e1ltat\u00e1sainkkal kapcsolatos k\u00e9rd\u00e9sekre.<\/p>\n<\/div><\/section><br \/>\n\n<style type=\"text\/css\" data-created_by=\"avia_inline_auto\" id=\"style-css-av-bv5w9d-32ca71661974e25ac6ea6dac1ef213f8\">\n#top .hr.av-bv5w9d-32ca71661974e25ac6ea6dac1ef213f8{\nmargin-top:10px;\nmargin-bottom:0px;\n}\n.hr.av-bv5w9d-32ca71661974e25ac6ea6dac1ef213f8 .hr-inner{\nwidth:100%;\n}\n<\/style>\n<div  class='hr av-bv5w9d-32ca71661974e25ac6ea6dac1ef213f8 hr-custom  avia-builder-el-10  el_after_av_textblock  avia-builder-el-last  hr-center hr-icon-no'><span class='hr-inner inner-border-av-border-thin'><span class=\"hr-inner-style\"><\/span><\/span><\/div><\/p><\/div>\n<style type=\"text\/css\" data-created_by=\"avia_inline_auto\" id=\"style-css-av-atksu9-c0968fc1ade3407759ed228a328a4190\">\n.flex_column.av-atksu9-c0968fc1ade3407759ed228a328a4190{\nborder-radius:0px 0px 0px 0px;\npadding:0px 0px 0px 0px;\n}\n<\/style>\n<div  class='flex_column av-atksu9-c0968fc1ade3407759ed228a328a4190 av_one_half  avia-builder-el-11  el_after_av_one_full  el_before_av_one_half  first flex_column_div av-hide-on-mobile av-zero-column-padding  column-top-margin'     ><p>\n<style type=\"text\/css\" data-created_by=\"avia_inline_auto\" id=\"style-css-av-38nwup-23ea16ed681ebcb2bcbaa812ab2fd26a\">\n#top .av-special-heading.av-38nwup-23ea16ed681ebcb2bcbaa812ab2fd26a{\npadding-bottom:20px;\n}\nbody .av-special-heading.av-38nwup-23ea16ed681ebcb2bcbaa812ab2fd26a .av-special-heading-tag .heading-char{\nfont-size:25px;\n}\n.av-special-heading.av-38nwup-23ea16ed681ebcb2bcbaa812ab2fd26a .av-subheading{\nfont-size:15px;\n}\n<\/style>\n<div  class='av-special-heading av-38nwup-23ea16ed681ebcb2bcbaa812ab2fd26a av-special-heading-h3 blockquote modern-quote  avia-builder-el-12  el_before_av_textblock  avia-builder-el-first  av-linked-heading'><h3 class='av-special-heading-tag '  itemprop=\"headline\"  >DOIT.hu<\/h3><div class=\"special-heading-border\"><div class=\"special-heading-inner-border\"><\/div><\/div><\/div><br \/>\n<section  class='av_textblock_section av-juwjv3t6-08ca3078aa3a31c5aa1b07738ad6f7f4 '   itemscope=\"itemscope\" itemtype=\"https:\/\/schema.org\/CreativeWork\" ><div class='avia_textblock'  itemprop=\"text\" ><p><strong>\u00c9rt\u00e9kes\u00edt\u00e9s\/kapcsolatfelv\u00e9tel:\u00a0<\/strong><\/p>\n<p>K\u00e1roly T\u00edmea: <strong><a href=\"calto:+36204245071\">+36 20 424 5071<\/a><\/strong><\/p>\n<p>T\u00f6r\u00f6k \u00c1kos: <strong><a href=\"calto:+36703370933\">+36 70 337 0933<\/a><\/strong><\/p>\n<p><strong>Technikai t\u00e1mogat\u00e1s m\u00e1r szerz\u0151d\u00f6tt \u00fcgyfeleinknek: <a href=\"tel: 03614887490\">+36 1 488 7490<\/a><\/strong><\/p>\n<p><strong>Email:\u00a0\u00a0<a href=\"mailto:rendszergazda-szolgaltatas2@doit.hu\">rendszergazda-szolgaltatas2@doit.hu<\/a><\/strong><\/p>\n<p><strong>K\u00f6zponti iroda:<\/strong> 1123 Budapest, Gy\u0151ri \u00fat 2\/C, 2. emelet 6. <a title=\"T\u00e9rk\u00e9p\" href=\"https:\/\/maps.app.goo.gl\/EDtfuvNtgLqYtcb4A\" target=\"_blank\" rel=\"noopener\">T\u00e9rk\u00e9p<\/a><\/p>\n<\/div><\/section><br \/>\n\n<style type=\"text\/css\" data-created_by=\"avia_inline_auto\" id=\"style-css-av-juwk5uf8-8811507032e3b834370fb9f2038e5266\">\n#top .hr.hr-invisible.av-juwk5uf8-8811507032e3b834370fb9f2038e5266{\nheight:20px;\n}\n<\/style>\n<div  class='hr av-juwk5uf8-8811507032e3b834370fb9f2038e5266 hr-invisible  avia-builder-el-14  el_after_av_textblock  el_before_av_textblock '><span class='hr-inner '><span class=\"hr-inner-style\"><\/span><\/span><\/div><br \/>\n<section  class='av_textblock_section av-juwk5hns-f36ab6acec037485614c85d91f29eb7a '   itemscope=\"itemscope\" itemtype=\"https:\/\/schema.org\/CreativeWork\" ><div class='avia_textblock'  itemprop=\"text\" ><p><strong>EU ad\u00f3sz\u00e1m:\u00a0<\/strong>HU27428014<\/p>\n<p><strong>Ad\u00f3sz\u00e1m:<\/strong> 27428014-2-43 (NAV k\u00f6ztartoz\u00e1smentes ad\u00f3z\u00f3 \u00e9s NAV megb\u00edzhat\u00f3 ad\u00f3z\u00f3.)<\/p>\n<p><strong>IT szakmai felel\u0151ss\u00e9gbiztos\u00edt\u00f3:<\/strong> Colonnade (kor\u00e1bban: AIG)<\/p>\n<p><strong>Dun &amp; Bradstreet D-U-N-S\u00ae\u00a0Bisnode\u00a0sz\u00e1m:<\/strong>\u00a042-603-9355<\/p>\n<\/div><\/section><\/p><\/div>\n<style type=\"text\/css\" data-created_by=\"avia_inline_auto\" id=\"style-css-av-8pttjl-af41ad72ba338d40c7c5a1aea3c29fe1\">\n.flex_column.av-8pttjl-af41ad72ba338d40c7c5a1aea3c29fe1{\nborder-radius:0px 0px 0px 0px;\npadding:0px 0px 0px 0px;\n}\n<\/style>\n<div  class='flex_column av-8pttjl-af41ad72ba338d40c7c5a1aea3c29fe1 av_one_half  avia-builder-el-16  el_after_av_one_half  avia-builder-el-last  flex_column_div av-zero-column-padding  column-top-margin'     ><p><br \/>\n<\/p><\/div><\/div><\/div><\/div><!-- close content main div --><\/div><\/div><div id='av_section_4'  class='avia-section av-35qgk1-31531bf2240e2c02c6f147c65df74f1f main_color avia-section-default avia-no-border-styling  avia-builder-el-19  el_after_av_section  avia-builder-el-last  avia-bg-style-scroll container_wrap sidebar_right'  ><div class='container av-section-cont-open' ><div class='template-page content  av-content-small alpha units'><div class='post-entry post-entry-type-page post-entry-1121'><div class='entry-content-wrapper clearfix'>\n\n<\/div><\/div><\/div><!-- close content main div --><\/div><\/div><div id='after_section_4'  class='main_color av_default_container_wrap container_wrap sidebar_right'  ><div class='container av-section-cont-open' ><div class='template-page content  av-content-small alpha units'><div class='post-entry post-entry-type-page post-entry-1121'><div class='entry-content-wrapper clearfix'><\/p>\n","protected":false},"excerpt":{"rendered":"","protected":false},"author":7,"featured_media":0,"parent":0,"menu_order":0,"comment_status":"closed","ping_status":"closed","template":"","meta":{"footnotes":""},"class_list":["post-1121","page","type-page","status-publish","hentry"],"yoast_head":"<!-- This site is optimized with the Yoast SEO plugin v27.3 - https:\/\/yoast.com\/product\/yoast-seo-wordpress\/ -->\n<title>Aj\u00e1nlatk\u00e9r\u00e9s: Informatikai, rendszergazdai szolg\u00e1ltat\u00e1s | doit.hu<\/title>\n<meta name=\"description\" content=\"T\u00f6ltse ki adatlapunkat, k\u00e9rjen aj\u00e1nlatot, ha IT \u00fczemeltet\u00e9si \u00e9s rendszergazdai szolg\u00e1ltat\u00e1sokra van sz\u00fcks\u00e9ge!\" \/>\n<meta name=\"robots\" content=\"index, follow, max-snippet:-1, max-image-preview:large, max-video-preview:-1\" \/>\n<link rel=\"canonical\" href=\"https:\/\/www.doit.hu\/rendszergazda\/ajanlatkeres\/\" \/>\n<meta property=\"og:locale\" content=\"hu_HU\" \/>\n<meta property=\"og:type\" content=\"article\" \/>\n<meta property=\"og:title\" content=\"Aj\u00e1nlatk\u00e9r\u00e9s: Informatikai, rendszergazdai szolg\u00e1ltat\u00e1s | doit.hu\" \/>\n<meta property=\"og:description\" content=\"T\u00f6ltse ki adatlapunkat, k\u00e9rjen aj\u00e1nlatot, ha IT \u00fczemeltet\u00e9si \u00e9s rendszergazdai szolg\u00e1ltat\u00e1sokra van sz\u00fcks\u00e9ge!\" \/>\n<meta property=\"og:url\" content=\"https:\/\/www.doit.hu\/rendszergazda\/ajanlatkeres\/\" \/>\n<meta property=\"og:site_name\" content=\"Rendszergazda szolg\u00e1ltat\u00e1s\" \/>\n<meta property=\"article:publisher\" content=\"https:\/\/www.facebook.com\/DoccaZrt\" \/>\n<meta property=\"article:modified_time\" content=\"2025-10-08T10:41:27+00:00\" \/>\n<meta name=\"twitter:card\" content=\"summary_large_image\" \/>\n<meta name=\"twitter:label1\" content=\"Becs\u00fclt olvas\u00e1si id\u0151\" \/>\n\t<meta name=\"twitter:data1\" content=\"4 perc\" \/>\n<script type=\"application\/ld+json\" class=\"yoast-schema-graph\">{\"@context\":\"https:\\\/\\\/schema.org\",\"@graph\":[{\"@type\":\"WebPage\",\"@id\":\"https:\\\/\\\/www.doit.hu\\\/rendszergazda\\\/ajanlatkeres\\\/\",\"url\":\"https:\\\/\\\/www.doit.hu\\\/rendszergazda\\\/ajanlatkeres\\\/\",\"name\":\"Aj\u00e1nlatk\u00e9r\u00e9s: Informatikai, rendszergazdai szolg\u00e1ltat\u00e1s | doit.hu\",\"isPartOf\":{\"@id\":\"https:\\\/\\\/www.doit.hu\\\/rendszergazda\\\/#website\"},\"datePublished\":\"2019-04-23T06:15:16+00:00\",\"dateModified\":\"2025-10-08T10:41:27+00:00\",\"description\":\"T\u00f6ltse ki adatlapunkat, k\u00e9rjen aj\u00e1nlatot, ha IT \u00fczemeltet\u00e9si \u00e9s rendszergazdai szolg\u00e1ltat\u00e1sokra van sz\u00fcks\u00e9ge!\",\"breadcrumb\":{\"@id\":\"https:\\\/\\\/www.doit.hu\\\/rendszergazda\\\/ajanlatkeres\\\/#breadcrumb\"},\"inLanguage\":\"hu\",\"potentialAction\":[{\"@type\":\"ReadAction\",\"target\":[\"https:\\\/\\\/www.doit.hu\\\/rendszergazda\\\/ajanlatkeres\\\/\"]}]},{\"@type\":\"BreadcrumbList\",\"@id\":\"https:\\\/\\\/www.doit.hu\\\/rendszergazda\\\/ajanlatkeres\\\/#breadcrumb\",\"itemListElement\":[{\"@type\":\"ListItem\",\"position\":1,\"name\":\"Home\",\"item\":\"https:\\\/\\\/www.doit.hu\\\/rendszergazda\\\/fooldal-flexi\\\/\"},{\"@type\":\"ListItem\",\"position\":2,\"name\":\"Kapcsolat\"}]},{\"@type\":\"WebSite\",\"@id\":\"https:\\\/\\\/www.doit.hu\\\/rendszergazda\\\/#website\",\"url\":\"https:\\\/\\\/www.doit.hu\\\/rendszergazda\\\/\",\"name\":\"Rendszergazda szolg\u00e1ltat\u00e1s\",\"description\":\"\",\"publisher\":{\"@id\":\"https:\\\/\\\/www.doit.hu\\\/rendszergazda\\\/#organization\"},\"potentialAction\":[{\"@type\":\"SearchAction\",\"target\":{\"@type\":\"EntryPoint\",\"urlTemplate\":\"https:\\\/\\\/www.doit.hu\\\/rendszergazda\\\/?s={search_term_string}\"},\"query-input\":{\"@type\":\"PropertyValueSpecification\",\"valueRequired\":true,\"valueName\":\"search_term_string\"}}],\"inLanguage\":\"hu\"},{\"@type\":\"Organization\",\"@id\":\"https:\\\/\\\/www.doit.hu\\\/rendszergazda\\\/#organization\",\"name\":\"DOCCA Zrt.\",\"url\":\"https:\\\/\\\/www.doit.hu\\\/rendszergazda\\\/\",\"logo\":{\"@type\":\"ImageObject\",\"inLanguage\":\"hu\",\"@id\":\"https:\\\/\\\/www.doit.hu\\\/rendszergazda\\\/#\\\/schema\\\/logo\\\/image\\\/\",\"url\":\"https:\\\/\\\/www.doit.hu\\\/rendszergazda\\\/wp-content\\\/uploads\\\/2019\\\/04\\\/logo.png\",\"contentUrl\":\"https:\\\/\\\/www.doit.hu\\\/rendszergazda\\\/wp-content\\\/uploads\\\/2019\\\/04\\\/logo.png\",\"width\":263,\"height\":82,\"caption\":\"DOCCA Zrt.\"},\"image\":{\"@id\":\"https:\\\/\\\/www.doit.hu\\\/rendszergazda\\\/#\\\/schema\\\/logo\\\/image\\\/\"},\"sameAs\":[\"https:\\\/\\\/www.facebook.com\\\/DoccaZrt\"]}]}<\/script>\n<!-- \/ Yoast SEO plugin. -->","yoast_head_json":{"title":"Aj\u00e1nlatk\u00e9r\u00e9s: Informatikai, rendszergazdai szolg\u00e1ltat\u00e1s | doit.hu","description":"T\u00f6ltse ki adatlapunkat, k\u00e9rjen aj\u00e1nlatot, ha IT \u00fczemeltet\u00e9si \u00e9s rendszergazdai szolg\u00e1ltat\u00e1sokra van sz\u00fcks\u00e9ge!","robots":{"index":"index","follow":"follow","max-snippet":"max-snippet:-1","max-image-preview":"max-image-preview:large","max-video-preview":"max-video-preview:-1"},"canonical":"https:\/\/www.doit.hu\/rendszergazda\/ajanlatkeres\/","og_locale":"hu_HU","og_type":"article","og_title":"Aj\u00e1nlatk\u00e9r\u00e9s: Informatikai, rendszergazdai szolg\u00e1ltat\u00e1s | doit.hu","og_description":"T\u00f6ltse ki adatlapunkat, k\u00e9rjen aj\u00e1nlatot, ha IT \u00fczemeltet\u00e9si \u00e9s rendszergazdai szolg\u00e1ltat\u00e1sokra van sz\u00fcks\u00e9ge!","og_url":"https:\/\/www.doit.hu\/rendszergazda\/ajanlatkeres\/","og_site_name":"Rendszergazda szolg\u00e1ltat\u00e1s","article_publisher":"https:\/\/www.facebook.com\/DoccaZrt","article_modified_time":"2025-10-08T10:41:27+00:00","twitter_card":"summary_large_image","twitter_misc":{"Becs\u00fclt olvas\u00e1si id\u0151":"4 perc"},"schema":{"@context":"https:\/\/schema.org","@graph":[{"@type":"WebPage","@id":"https:\/\/www.doit.hu\/rendszergazda\/ajanlatkeres\/","url":"https:\/\/www.doit.hu\/rendszergazda\/ajanlatkeres\/","name":"Aj\u00e1nlatk\u00e9r\u00e9s: Informatikai, rendszergazdai szolg\u00e1ltat\u00e1s | doit.hu","isPartOf":{"@id":"https:\/\/www.doit.hu\/rendszergazda\/#website"},"datePublished":"2019-04-23T06:15:16+00:00","dateModified":"2025-10-08T10:41:27+00:00","description":"T\u00f6ltse ki adatlapunkat, k\u00e9rjen aj\u00e1nlatot, ha IT \u00fczemeltet\u00e9si \u00e9s rendszergazdai szolg\u00e1ltat\u00e1sokra van sz\u00fcks\u00e9ge!","breadcrumb":{"@id":"https:\/\/www.doit.hu\/rendszergazda\/ajanlatkeres\/#breadcrumb"},"inLanguage":"hu","potentialAction":[{"@type":"ReadAction","target":["https:\/\/www.doit.hu\/rendszergazda\/ajanlatkeres\/"]}]},{"@type":"BreadcrumbList","@id":"https:\/\/www.doit.hu\/rendszergazda\/ajanlatkeres\/#breadcrumb","itemListElement":[{"@type":"ListItem","position":1,"name":"Home","item":"https:\/\/www.doit.hu\/rendszergazda\/fooldal-flexi\/"},{"@type":"ListItem","position":2,"name":"Kapcsolat"}]},{"@type":"WebSite","@id":"https:\/\/www.doit.hu\/rendszergazda\/#website","url":"https:\/\/www.doit.hu\/rendszergazda\/","name":"Rendszergazda szolg\u00e1ltat\u00e1s","description":"","publisher":{"@id":"https:\/\/www.doit.hu\/rendszergazda\/#organization"},"potentialAction":[{"@type":"SearchAction","target":{"@type":"EntryPoint","urlTemplate":"https:\/\/www.doit.hu\/rendszergazda\/?s={search_term_string}"},"query-input":{"@type":"PropertyValueSpecification","valueRequired":true,"valueName":"search_term_string"}}],"inLanguage":"hu"},{"@type":"Organization","@id":"https:\/\/www.doit.hu\/rendszergazda\/#organization","name":"DOCCA Zrt.","url":"https:\/\/www.doit.hu\/rendszergazda\/","logo":{"@type":"ImageObject","inLanguage":"hu","@id":"https:\/\/www.doit.hu\/rendszergazda\/#\/schema\/logo\/image\/","url":"https:\/\/www.doit.hu\/rendszergazda\/wp-content\/uploads\/2019\/04\/logo.png","contentUrl":"https:\/\/www.doit.hu\/rendszergazda\/wp-content\/uploads\/2019\/04\/logo.png","width":263,"height":82,"caption":"DOCCA Zrt."},"image":{"@id":"https:\/\/www.doit.hu\/rendszergazda\/#\/schema\/logo\/image\/"},"sameAs":["https:\/\/www.facebook.com\/DoccaZrt"]}]}},"_links":{"self":[{"href":"https:\/\/www.doit.hu\/rendszergazda\/wp-json\/wp\/v2\/pages\/1121","targetHints":{"allow":["GET"]}}],"collection":[{"href":"https:\/\/www.doit.hu\/rendszergazda\/wp-json\/wp\/v2\/pages"}],"about":[{"href":"https:\/\/www.doit.hu\/rendszergazda\/wp-json\/wp\/v2\/types\/page"}],"author":[{"embeddable":true,"href":"https:\/\/www.doit.hu\/rendszergazda\/wp-json\/wp\/v2\/users\/7"}],"replies":[{"embeddable":true,"href":"https:\/\/www.doit.hu\/rendszergazda\/wp-json\/wp\/v2\/comments?post=1121"}],"version-history":[{"count":5,"href":"https:\/\/www.doit.hu\/rendszergazda\/wp-json\/wp\/v2\/pages\/1121\/revisions"}],"predecessor-version":[{"id":5159,"href":"https:\/\/www.doit.hu\/rendszergazda\/wp-json\/wp\/v2\/pages\/1121\/revisions\/5159"}],"wp:attachment":[{"href":"https:\/\/www.doit.hu\/rendszergazda\/wp-json\/wp\/v2\/media?parent=1121"}],"curies":[{"name":"wp","href":"https:\/\/api.w.org\/{rel}","templated":true}]}}