{"id":1113,"date":"2019-04-23T06:14:17","date_gmt":"2019-04-23T06:14:17","guid":{"rendered":"http:\/\/www.doit.hu\/rendszergazda\/?page_id=1113"},"modified":"2025-06-17T12:00:35","modified_gmt":"2025-06-17T12:00:35","slug":"devops","status":"publish","type":"page","link":"https:\/\/www.doit.hu\/rendszergazda\/devops\/","title":{"rendered":"DevOps"},"content":{"rendered":"\n<style type=\"text\/css\" data-created_by=\"avia_inline_auto\" id=\"style-css-av-jkne61-b22f56d4027744e368cd5aac0e94f170\">\n.avia-section.av-jkne61-b22f56d4027744e368cd5aac0e94f170{\nbackground-color:#cddbeb;\nbackground-image:url(https:\/\/www.doit.hu\/rendszergazda\/wp-content\/uploads\/2020\/02\/ballpen-blur-close-up-computer-461077-1500x1000.jpg);\nbackground-repeat:no-repeat;\nbackground-position:50% 50%;\nbackground-attachment:scroll;\n}\n.avia-section.av-jkne61-b22f56d4027744e368cd5aac0e94f170 .av-section-color-overlay{\nopacity:0.5;\nbackground-color:#1e3f6f;\n}\n<\/style>\n<div id='av_section_1'  class='avia-section av-jkne61-b22f56d4027744e368cd5aac0e94f170 main_color avia-section-no-padding avia-no-border-styling  avia-builder-el-0  el_before_av_section  avia-builder-el-first  avia-full-stretch avia-bg-style-scroll av-section-color-overlay-active av-minimum-height av-minimum-height-custom av-height-custom  container_wrap sidebar_right'  data-section-bg-repeat='stretch' data-av_minimum_height_px='250'><div class=\"av-section-color-overlay-wrap\"><div class=\"av-section-color-overlay\"><\/div><div class='container av-section-cont-open' style='height:250px'><main  role=\"main\" itemprop=\"mainContentOfPage\"  class='template-page content  av-content-small alpha units'><div class='post-entry post-entry-type-page post-entry-1113'><div class='entry-content-wrapper clearfix'>\n\n<style type=\"text\/css\" data-created_by=\"avia_inline_auto\" id=\"style-css-av-frhc3t-fe89e4b979d8d164d4fd603ac9b7b3d9\">\n.flex_column.av-frhc3t-fe89e4b979d8d164d4fd603ac9b7b3d9{\nborder-radius:0px 0px 0px 0px;\npadding:50px 0px 35px 0px;\n}\n<\/style>\n<div  class='flex_column av-frhc3t-fe89e4b979d8d164d4fd603ac9b7b3d9 av_one_full  avia-builder-el-1  avia-builder-el-no-sibling  first flex_column_div  '     ><style type=\"text\/css\" data-created_by=\"avia_inline_auto\" id=\"style-css-av-mc0fvvwq-a05e59fc1feefb15db944031c186f4b5\">\n#top .av-special-heading.av-mc0fvvwq-a05e59fc1feefb15db944031c186f4b5{\npadding-bottom:10px;\ncolor:#ffffff;\n}\nbody .av-special-heading.av-mc0fvvwq-a05e59fc1feefb15db944031c186f4b5 .av-special-heading-tag .heading-char{\nfont-size:25px;\n}\n.av-special-heading.av-mc0fvvwq-a05e59fc1feefb15db944031c186f4b5 .special-heading-inner-border{\nborder-color:#ffffff;\n}\n.av-special-heading.av-mc0fvvwq-a05e59fc1feefb15db944031c186f4b5 .av-subheading{\nfont-size:22px;\n}\n<\/style>\n<div  class='av-special-heading av-mc0fvvwq-a05e59fc1feefb15db944031c186f4b5 av-special-heading-h1 custom-color-heading blockquote modern-quote modern-centered  avia-builder-el-2  avia-builder-el-no-sibling '><h1 class='av-special-heading-tag '  itemprop=\"headline\"  >DevOps feladatok<\/h1><div class='av_custom_color av-subheading av-subheading_below'><p>Ha szoftverfejleszt\u00e9s zajlik, \u00e9s ezen m\u00f3dszereket haszn\u00e1lja a fejleszt\u0151 k\u00f6z\u00f6ss\u00e9g<\/p>\n<\/div><div class=\"special-heading-border\"><div class=\"special-heading-inner-border\"><\/div><\/div><\/div><\/div>\n\n<\/div><\/div><\/main><!-- close content main element --><\/div><\/div><\/div><div id='av_section_2'  class='avia-section av-pcnsp-be9d4963e2331bfafd2ed247e07ee1ca main_color avia-section-default avia-no-border-styling  avia-builder-el-3  el_after_av_section  avia-builder-el-last  avia-bg-style-scroll container_wrap sidebar_right'  ><div class='container av-section-cont-open' ><div class='template-page content  av-content-small alpha units'><div class='post-entry post-entry-type-page post-entry-1113'><div class='entry-content-wrapper clearfix'>\n\n<style type=\"text\/css\" data-created_by=\"avia_inline_auto\" id=\"style-css-av-5ktymx-dd63f4d8748ec53bf7d9c96f454caa29\">\n.flex_column.av-5ktymx-dd63f4d8748ec53bf7d9c96f454caa29{\nborder-radius:0px 0px 0px 0px;\npadding:0px 0px 0px 0px;\n}\n<\/style>\n<div  class='flex_column av-5ktymx-dd63f4d8748ec53bf7d9c96f454caa29 av_one_full  avia-builder-el-4  avia-builder-el-no-sibling  first flex_column_div av-zero-column-padding  '     ><p>\n<style type=\"text\/css\" data-created_by=\"avia_inline_auto\" id=\"style-css-av-3os46x-20e9ef3e17c2f25e7a08c6133165562e\">\n#top .av-special-heading.av-3os46x-20e9ef3e17c2f25e7a08c6133165562e{\npadding-bottom:30px;\n}\nbody .av-special-heading.av-3os46x-20e9ef3e17c2f25e7a08c6133165562e .av-special-heading-tag .heading-char{\nfont-size:25px;\n}\n.av-special-heading.av-3os46x-20e9ef3e17c2f25e7a08c6133165562e .av-subheading{\nfont-size:15px;\n}\n<\/style>\n<div  class='av-special-heading av-3os46x-20e9ef3e17c2f25e7a08c6133165562e av-special-heading-h1 blockquote modern-quote  avia-builder-el-5  el_before_av_textblock  avia-builder-el-first  av-linked-heading'><h1 class='av-special-heading-tag '  itemprop=\"headline\"  >Szolg\u00e1ltat\u00e1saink DevOps m\u0171k\u00f6d\u00e9s\u0171 szervezetek eset\u00e9n<\/h1><div class=\"special-heading-border\"><div class=\"special-heading-inner-border\"><\/div><\/div><\/div><br \/>\n<section  class='av_textblock_section av-3afzy1-9bc91b977169433ed88041acbb5914e8 '   itemscope=\"itemscope\" itemtype=\"https:\/\/schema.org\/CreativeWork\" ><div class='avia_textblock'  itemprop=\"text\" ><div class=\"art-nostyle\">\n<div class=\"custom\">\n<div class=\"box0k\">\n<h2 class=\"box2k\">DevOps feladatok<\/h2>\n<div class=\"box3k\">\n<p>Ha szoftverfejleszt\u00e9s zajlik, \u00e9s ilyen m\u00f3dszereket haszn\u00e1l a fejleszt\u0151 k\u00f6z\u00f6ss\u00e9g:<\/p>\n<\/div>\n<\/div>\n<\/div>\n<\/div>\n<div class=\"item-page\">\n<article class=\"art-post\">\n<div class=\"art-postcontent clearfix\">\n<div class=\"art-article\">\n<h3>Szolg\u00e1ltat\u00e1saink DevOps m\u0171k\u00f6d\u00e9s\u0171 szervezetekben<\/h3>\n<p>A DOIT Linux szakmai csoportja, ha rendelkez\u00e9sre \u00e1ll szabad kapacit\u00e1ssal, hajland\u00f3 v\u00e1llalni DevOps feladatokat. Seg\u00edthet\u00fcnk a folyamatok kialak\u00edt\u00e1s\u00e1ban vagy jav\u00edt\u00e1s\u00e1ban, \u00e9s operat\u00edv szinten is r\u00e9szt vehet\u00fcnk az infrastrukt\u00fara m\u0171k\u00f6d\u00e9s\u00e9nek biztos\u00edt\u00e1s\u00e1ban. Az ilyen t\u00edpus\u00fa szolg\u00e1ltat\u00e1sok eset\u00e9n szorosan egy\u00fcttm\u0171k\u00f6d\u00fcnk a megrendel\u0151kkel, gyakorlatilag a szervezet\u00fck r\u00e9sz\u00e9v\u00e9 v\u00e1lunk. Az a gazdas\u00e1gos megold\u00e1s, ha nem ig\u00e9nyelnek hossz\u00fa t\u00e1von 8 \u00f3r\u00e1s szenior DevOps kompetenci\u00e1val rendelkez\u0151 Linux szakembert, hanem a DOIT-t\u00f3l napi 1-6 \u00f3r\u00e1nyi kontingensszolg\u00e1ltat\u00e1st vesznek ig\u00e9nybe.<\/p>\n<p>Ha \u00e9rdekli ez a szolg\u00e1ltat\u00e1sunk, k\u00e9rj\u00fck, vegye fel vel\u00fcnk a kapcsolatot a <a href=\"https:\/\/www.doit.hu\/rendszergazda\/ajanlatkeres\" target=\"_new\">https:\/\/www.doit.hu\/rendszergazda\/ajanlatkeres<\/a> \u0171rlap seg\u00edts\u00e9g\u00e9vel, \u00e9s visszah\u00edvjuk \u00d6nt. Vagy h\u00edvja a k\u00f6vetkez\u0151 telefonsz\u00e1mot a t\u00e9m\u00e1val kapcsolatos tov\u00e1bbi inform\u00e1ci\u00f3k\u00e9rt: <a href=\"calto:+36204245071\">06 20 4245071<\/a>.<\/p>\n<h3>Az al\u00e1bbi eszk\u00f6z\u00f6kkel van tapasztalatunk:<\/h3>\n<ul>\n<li>Jira<\/li>\n<li>RabbitMQ<\/li>\n<li>ActiveMQ<\/li>\n<li>Redis<\/li>\n<li>ElasticSearch<\/li>\n<li>Docker, Kubernetes<\/li>\n<li>Logstash<\/li>\n<li>Memcached<\/li>\n<li>Ansible<\/li>\n<li>Varnish<\/li>\n<li>Chef<\/li>\n<li>Puppet<\/li>\n<li>Jenkins<\/li>\n<li>Git<\/li>\n<li>Zabbix\/Nagios\/Munin\/Cacti\/stb.<\/li>\n<li>Apache\/Tomcat\/Nginx (+Squid)<\/li>\n<li>HaProxy<\/li>\n<li>MySQL\/MariaDB\/Percona (cluster is)<\/li>\n<li>Postgresql<\/li>\n<li>MongoDB<\/li>\n<li>fluentd<\/li>\n<li>Prometheus \u00e9s Grafana<\/li>\n<li>Redmine<\/li>\n<li>Kibana<\/li>\n<li>Nexus (npm + maven)<\/li>\n<\/ul>\n<\/div>\n<\/div>\n<\/article>\n<\/div>\n<\/div><\/section><\/p><\/div>\n<\/div><\/div><\/div><!-- close content main div --><\/div><\/div><div id='after_section_2'  class='main_color av_default_container_wrap container_wrap sidebar_right'  ><div class='container av-section-cont-open' ><div class='template-page content  av-content-small alpha units'><div class='post-entry post-entry-type-page post-entry-1113'><div class='entry-content-wrapper clearfix'>\n","protected":false},"excerpt":{"rendered":"","protected":false},"author":7,"featured_media":0,"parent":0,"menu_order":0,"comment_status":"closed","ping_status":"closed","template":"","meta":{"footnotes":""},"class_list":["post-1113","page","type-page","status-publish","hentry"],"yoast_head":"<!-- This site is optimized with the Yoast SEO plugin v27.3 - https:\/\/yoast.com\/product\/yoast-seo-wordpress\/ -->\n<title>Szolg\u00e1ltat\u00e1saink DevOps m\u0171k\u00f6d\u00e9s\u0171 szervezetekben | doit.hu<\/title>\n<meta name=\"description\" content=\"A DOIT linuxos szakmai csoportja DevOps feladatokat is v\u00e1llal. Olvassa el, mikor \u00e9rdemes minket v\u00e1lasztania c\u00e9g\u00e9nek!\" \/>\n<meta name=\"robots\" content=\"index, follow, max-snippet:-1, max-image-preview:large, max-video-preview:-1\" \/>\n<link rel=\"canonical\" href=\"https:\/\/www.doit.hu\/rendszergazda\/devops\/\" \/>\n<meta property=\"og:locale\" content=\"hu_HU\" \/>\n<meta property=\"og:type\" content=\"article\" \/>\n<meta property=\"og:title\" content=\"Szolg\u00e1ltat\u00e1saink DevOps m\u0171k\u00f6d\u00e9s\u0171 szervezetekben | doit.hu\" \/>\n<meta property=\"og:description\" content=\"A DOIT linuxos szakmai csoportja DevOps feladatokat is v\u00e1llal. Olvassa el, mikor \u00e9rdemes minket v\u00e1lasztania c\u00e9g\u00e9nek!\" \/>\n<meta property=\"og:url\" content=\"https:\/\/www.doit.hu\/rendszergazda\/devops\/\" \/>\n<meta property=\"og:site_name\" content=\"Rendszergazda szolg\u00e1ltat\u00e1s\" \/>\n<meta property=\"article:publisher\" content=\"https:\/\/www.facebook.com\/DoccaZrt\" \/>\n<meta property=\"article:modified_time\" content=\"2025-06-17T12:00:35+00:00\" \/>\n<meta name=\"twitter:card\" content=\"summary_large_image\" \/>\n<meta name=\"twitter:label1\" content=\"Becs\u00fclt olvas\u00e1si id\u0151\" \/>\n\t<meta name=\"twitter:data1\" content=\"3 perc\" \/>\n<script type=\"application\/ld+json\" class=\"yoast-schema-graph\">{\"@context\":\"https:\\\/\\\/schema.org\",\"@graph\":[{\"@type\":\"WebPage\",\"@id\":\"https:\\\/\\\/www.doit.hu\\\/rendszergazda\\\/devops\\\/\",\"url\":\"https:\\\/\\\/www.doit.hu\\\/rendszergazda\\\/devops\\\/\",\"name\":\"Szolg\u00e1ltat\u00e1saink DevOps m\u0171k\u00f6d\u00e9s\u0171 szervezetekben | doit.hu\",\"isPartOf\":{\"@id\":\"https:\\\/\\\/www.doit.hu\\\/rendszergazda\\\/#website\"},\"datePublished\":\"2019-04-23T06:14:17+00:00\",\"dateModified\":\"2025-06-17T12:00:35+00:00\",\"description\":\"A DOIT linuxos szakmai csoportja DevOps feladatokat is v\u00e1llal. Olvassa el, mikor \u00e9rdemes minket v\u00e1lasztania c\u00e9g\u00e9nek!\",\"breadcrumb\":{\"@id\":\"https:\\\/\\\/www.doit.hu\\\/rendszergazda\\\/devops\\\/#breadcrumb\"},\"inLanguage\":\"hu\",\"potentialAction\":[{\"@type\":\"ReadAction\",\"target\":[\"https:\\\/\\\/www.doit.hu\\\/rendszergazda\\\/devops\\\/\"]}]},{\"@type\":\"BreadcrumbList\",\"@id\":\"https:\\\/\\\/www.doit.hu\\\/rendszergazda\\\/devops\\\/#breadcrumb\",\"itemListElement\":[{\"@type\":\"ListItem\",\"position\":1,\"name\":\"Home\",\"item\":\"https:\\\/\\\/www.doit.hu\\\/rendszergazda\\\/fooldal-flexi\\\/\"},{\"@type\":\"ListItem\",\"position\":2,\"name\":\"DevOps\"}]},{\"@type\":\"WebSite\",\"@id\":\"https:\\\/\\\/www.doit.hu\\\/rendszergazda\\\/#website\",\"url\":\"https:\\\/\\\/www.doit.hu\\\/rendszergazda\\\/\",\"name\":\"Rendszergazda szolg\u00e1ltat\u00e1s\",\"description\":\"\",\"publisher\":{\"@id\":\"https:\\\/\\\/www.doit.hu\\\/rendszergazda\\\/#organization\"},\"potentialAction\":[{\"@type\":\"SearchAction\",\"target\":{\"@type\":\"EntryPoint\",\"urlTemplate\":\"https:\\\/\\\/www.doit.hu\\\/rendszergazda\\\/?s={search_term_string}\"},\"query-input\":{\"@type\":\"PropertyValueSpecification\",\"valueRequired\":true,\"valueName\":\"search_term_string\"}}],\"inLanguage\":\"hu\"},{\"@type\":\"Organization\",\"@id\":\"https:\\\/\\\/www.doit.hu\\\/rendszergazda\\\/#organization\",\"name\":\"DOCCA Zrt.\",\"url\":\"https:\\\/\\\/www.doit.hu\\\/rendszergazda\\\/\",\"logo\":{\"@type\":\"ImageObject\",\"inLanguage\":\"hu\",\"@id\":\"https:\\\/\\\/www.doit.hu\\\/rendszergazda\\\/#\\\/schema\\\/logo\\\/image\\\/\",\"url\":\"https:\\\/\\\/www.doit.hu\\\/rendszergazda\\\/wp-content\\\/uploads\\\/2019\\\/04\\\/logo.png\",\"contentUrl\":\"https:\\\/\\\/www.doit.hu\\\/rendszergazda\\\/wp-content\\\/uploads\\\/2019\\\/04\\\/logo.png\",\"width\":263,\"height\":82,\"caption\":\"DOCCA Zrt.\"},\"image\":{\"@id\":\"https:\\\/\\\/www.doit.hu\\\/rendszergazda\\\/#\\\/schema\\\/logo\\\/image\\\/\"},\"sameAs\":[\"https:\\\/\\\/www.facebook.com\\\/DoccaZrt\"]}]}<\/script>\n<!-- \/ Yoast SEO plugin. -->","yoast_head_json":{"title":"Szolg\u00e1ltat\u00e1saink DevOps m\u0171k\u00f6d\u00e9s\u0171 szervezetekben | doit.hu","description":"A DOIT linuxos szakmai csoportja DevOps feladatokat is v\u00e1llal. Olvassa el, mikor \u00e9rdemes minket v\u00e1lasztania c\u00e9g\u00e9nek!","robots":{"index":"index","follow":"follow","max-snippet":"max-snippet:-1","max-image-preview":"max-image-preview:large","max-video-preview":"max-video-preview:-1"},"canonical":"https:\/\/www.doit.hu\/rendszergazda\/devops\/","og_locale":"hu_HU","og_type":"article","og_title":"Szolg\u00e1ltat\u00e1saink DevOps m\u0171k\u00f6d\u00e9s\u0171 szervezetekben | doit.hu","og_description":"A DOIT linuxos szakmai csoportja DevOps feladatokat is v\u00e1llal. Olvassa el, mikor \u00e9rdemes minket v\u00e1lasztania c\u00e9g\u00e9nek!","og_url":"https:\/\/www.doit.hu\/rendszergazda\/devops\/","og_site_name":"Rendszergazda szolg\u00e1ltat\u00e1s","article_publisher":"https:\/\/www.facebook.com\/DoccaZrt","article_modified_time":"2025-06-17T12:00:35+00:00","twitter_card":"summary_large_image","twitter_misc":{"Becs\u00fclt olvas\u00e1si id\u0151":"3 perc"},"schema":{"@context":"https:\/\/schema.org","@graph":[{"@type":"WebPage","@id":"https:\/\/www.doit.hu\/rendszergazda\/devops\/","url":"https:\/\/www.doit.hu\/rendszergazda\/devops\/","name":"Szolg\u00e1ltat\u00e1saink DevOps m\u0171k\u00f6d\u00e9s\u0171 szervezetekben | doit.hu","isPartOf":{"@id":"https:\/\/www.doit.hu\/rendszergazda\/#website"},"datePublished":"2019-04-23T06:14:17+00:00","dateModified":"2025-06-17T12:00:35+00:00","description":"A DOIT linuxos szakmai csoportja DevOps feladatokat is v\u00e1llal. Olvassa el, mikor \u00e9rdemes minket v\u00e1lasztania c\u00e9g\u00e9nek!","breadcrumb":{"@id":"https:\/\/www.doit.hu\/rendszergazda\/devops\/#breadcrumb"},"inLanguage":"hu","potentialAction":[{"@type":"ReadAction","target":["https:\/\/www.doit.hu\/rendszergazda\/devops\/"]}]},{"@type":"BreadcrumbList","@id":"https:\/\/www.doit.hu\/rendszergazda\/devops\/#breadcrumb","itemListElement":[{"@type":"ListItem","position":1,"name":"Home","item":"https:\/\/www.doit.hu\/rendszergazda\/fooldal-flexi\/"},{"@type":"ListItem","position":2,"name":"DevOps"}]},{"@type":"WebSite","@id":"https:\/\/www.doit.hu\/rendszergazda\/#website","url":"https:\/\/www.doit.hu\/rendszergazda\/","name":"Rendszergazda szolg\u00e1ltat\u00e1s","description":"","publisher":{"@id":"https:\/\/www.doit.hu\/rendszergazda\/#organization"},"potentialAction":[{"@type":"SearchAction","target":{"@type":"EntryPoint","urlTemplate":"https:\/\/www.doit.hu\/rendszergazda\/?s={search_term_string}"},"query-input":{"@type":"PropertyValueSpecification","valueRequired":true,"valueName":"search_term_string"}}],"inLanguage":"hu"},{"@type":"Organization","@id":"https:\/\/www.doit.hu\/rendszergazda\/#organization","name":"DOCCA Zrt.","url":"https:\/\/www.doit.hu\/rendszergazda\/","logo":{"@type":"ImageObject","inLanguage":"hu","@id":"https:\/\/www.doit.hu\/rendszergazda\/#\/schema\/logo\/image\/","url":"https:\/\/www.doit.hu\/rendszergazda\/wp-content\/uploads\/2019\/04\/logo.png","contentUrl":"https:\/\/www.doit.hu\/rendszergazda\/wp-content\/uploads\/2019\/04\/logo.png","width":263,"height":82,"caption":"DOCCA Zrt."},"image":{"@id":"https:\/\/www.doit.hu\/rendszergazda\/#\/schema\/logo\/image\/"},"sameAs":["https:\/\/www.facebook.com\/DoccaZrt"]}]}},"_links":{"self":[{"href":"https:\/\/www.doit.hu\/rendszergazda\/wp-json\/wp\/v2\/pages\/1113","targetHints":{"allow":["GET"]}}],"collection":[{"href":"https:\/\/www.doit.hu\/rendszergazda\/wp-json\/wp\/v2\/pages"}],"about":[{"href":"https:\/\/www.doit.hu\/rendszergazda\/wp-json\/wp\/v2\/types\/page"}],"author":[{"embeddable":true,"href":"https:\/\/www.doit.hu\/rendszergazda\/wp-json\/wp\/v2\/users\/7"}],"replies":[{"embeddable":true,"href":"https:\/\/www.doit.hu\/rendszergazda\/wp-json\/wp\/v2\/comments?post=1113"}],"version-history":[{"count":5,"href":"https:\/\/www.doit.hu\/rendszergazda\/wp-json\/wp\/v2\/pages\/1113\/revisions"}],"predecessor-version":[{"id":4770,"href":"https:\/\/www.doit.hu\/rendszergazda\/wp-json\/wp\/v2\/pages\/1113\/revisions\/4770"}],"wp:attachment":[{"href":"https:\/\/www.doit.hu\/rendszergazda\/wp-json\/wp\/v2\/media?parent=1113"}],"curies":[{"name":"wp","href":"https:\/\/api.w.org\/{rel}","templated":true}]}}